{"id":1503,"date":"2025-11-06T18:48:34","date_gmt":"2025-11-06T18:48:34","guid":{"rendered":"https:\/\/boutiquefleursdelys.ca\/?page_id=1503"},"modified":"2025-11-06T18:53:14","modified_gmt":"2025-11-06T18:53:14","slug":"cercueil","status":"publish","type":"page","link":"https:\/\/boutiquefleursdelys.ca\/?page_id=1503","title":{"rendered":"Cercueil"},"content":{"rendered":"\n<div class=\"wp-block-columns is-layout-flex wp-container-core-columns-is-layout-9d6595d7 wp-block-columns-is-layout-flex\">\n<div class=\"wp-block-column is-layout-flow wp-block-column-is-layout-flow\">\n<div class=\"wp-block-media-text is-stacked-on-mobile is-vertically-aligned-top\"><figure class=\"wp-block-media-text__media\"><img loading=\"lazy\" decoding=\"async\" width=\"1024\" height=\"476\" src=\"https:\/\/boutiquefleursdelys.ca\/wp-content\/uploads\/2024\/04\/20230302_165756-scaled-e1730737342575-1024x476.jpg\" alt=\"bouquet de fleurs\" class=\"wp-image-1025 size-full\" srcset=\"https:\/\/boutiquefleursdelys.ca\/wp-content\/uploads\/2024\/04\/20230302_165756-scaled-e1730737342575-1024x476.jpg 1024w, https:\/\/boutiquefleursdelys.ca\/wp-content\/uploads\/2024\/04\/20230302_165756-scaled-e1730737342575-300x139.jpg 300w, https:\/\/boutiquefleursdelys.ca\/wp-content\/uploads\/2024\/04\/20230302_165756-scaled-e1730737342575-768x357.jpg 768w, https:\/\/boutiquefleursdelys.ca\/wp-content\/uploads\/2024\/04\/20230302_165756-scaled-e1730737342575-1536x714.jpg 1536w, https:\/\/boutiquefleursdelys.ca\/wp-content\/uploads\/2024\/04\/20230302_165756-scaled-e1730737342575-2048x952.jpg 2048w, https:\/\/boutiquefleursdelys.ca\/wp-content\/uploads\/2024\/04\/20230302_165756-scaled-e1730737342575-600x279.jpg 600w\" sizes=\"auto, (max-width: 1024px) 100vw, 1024px\" \/><\/figure><div class=\"wp-block-media-text__content\">\n<h2 class=\"wp-block-heading\" style=\"font-size:35px\">Bouquet 25<\/h2>\n\n\n\n<p class=\"has-small-font-size\">275.00 $<\/p>\n\n\n\n<p>Coussin de fleurs pour cercueil compos\u00e9 de lys, roses, marguerites, eucalyptus dans des tons de blanc et de rose.<\/p>\n<\/div><\/div>\n<\/div>\n\n\n\n<div class=\"wp-block-column is-layout-flow wp-block-column-is-layout-flow\">\n<div class=\"wp-block-media-text is-stacked-on-mobile is-vertically-aligned-top\"><figure class=\"wp-block-media-text__media\"><img loading=\"lazy\" decoding=\"async\" width=\"1024\" height=\"457\" src=\"https:\/\/boutiquefleursdelys.ca\/wp-content\/uploads\/2024\/04\/20230220_101712-scaled-e1730738662441-1024x457.jpg\" alt=\"bouquet de fleurs\" class=\"wp-image-1021 size-full\" srcset=\"https:\/\/boutiquefleursdelys.ca\/wp-content\/uploads\/2024\/04\/20230220_101712-scaled-e1730738662441-1024x457.jpg 1024w, https:\/\/boutiquefleursdelys.ca\/wp-content\/uploads\/2024\/04\/20230220_101712-scaled-e1730738662441-300x134.jpg 300w, https:\/\/boutiquefleursdelys.ca\/wp-content\/uploads\/2024\/04\/20230220_101712-scaled-e1730738662441-768x343.jpg 768w, https:\/\/boutiquefleursdelys.ca\/wp-content\/uploads\/2024\/04\/20230220_101712-scaled-e1730738662441-1536x686.jpg 1536w, https:\/\/boutiquefleursdelys.ca\/wp-content\/uploads\/2024\/04\/20230220_101712-scaled-e1730738662441-2048x914.jpg 2048w, https:\/\/boutiquefleursdelys.ca\/wp-content\/uploads\/2024\/04\/20230220_101712-scaled-e1730738662441-600x268.jpg 600w\" sizes=\"auto, (max-width: 1024px) 100vw, 1024px\" \/><\/figure><div class=\"wp-block-media-text__content\">\n<h2 class=\"wp-block-heading\" style=\"font-size:35px\">Bouquet 23<\/h2>\n\n\n\n<p>325.00 $<\/p>\n\n\n\n<p>Coussin de fleurs pour cercueil compos\u00e9 de lys, roses, \u0153illets, dendros, alstrom\u00e9rias dans des tons de rose.<\/p>\n<\/div><\/div>\n<\/div>\n<\/div>\n","protected":false},"excerpt":{"rendered":"<p>Bouquet 25 275.00 $ Coussin de fleurs pour cercueil compos\u00e9 de lys, roses, marguerites, eucalyptus dans des tons de blanc et de rose. Bouquet 23 325.00 $ Coussin de fleurs pour cercueil compos\u00e9 de lys, roses, \u0153illets, dendros, alstrom\u00e9rias dans des tons de rose.<\/p>\n","protected":false},"author":990006,"featured_media":0,"parent":0,"menu_order":0,"comment_status":"closed","ping_status":"closed","template":"","meta":{"footnotes":""},"class_list":["post-1503","page","type-page","status-publish","hentry"],"yoast_head":"<!-- This site is optimized with the Yoast SEO plugin v26.4 - https:\/\/yoast.com\/wordpress\/plugins\/seo\/ -->\n<title>Cercueil - Fleurs de Lys<\/title>\n<meta name=\"robots\" content=\"index, follow, max-snippet:-1, max-image-preview:large, max-video-preview:-1\" \/>\n<link rel=\"canonical\" href=\"https:\/\/boutiquefleursdelys.ca\/?page_id=1503\" \/>\n<meta property=\"og:locale\" content=\"fr_CA\" \/>\n<meta property=\"og:type\" content=\"article\" \/>\n<meta property=\"og:title\" content=\"Cercueil - Fleurs de Lys\" \/>\n<meta property=\"og:description\" content=\"Bouquet 25 275.00 $ Coussin de fleurs pour cercueil compos\u00e9 de lys, roses, marguerites, eucalyptus dans des tons de blanc et de rose. Bouquet 23 325.00 $ Coussin de fleurs pour cercueil compos\u00e9 de lys, roses, \u0153illets, dendros, alstrom\u00e9rias dans des tons de rose.\" \/>\n<meta property=\"og:url\" content=\"https:\/\/boutiquefleursdelys.ca\/?page_id=1503\" \/>\n<meta property=\"og:site_name\" content=\"Fleurs de Lys\" \/>\n<meta property=\"article:modified_time\" content=\"2025-11-06T18:53:14+00:00\" \/>\n<meta property=\"og:image\" content=\"https:\/\/boutiquefleursdelys.ca\/wp-content\/uploads\/2024\/04\/20230302_165756-scaled-e1730737342575-1024x476.jpg\" \/>\n<meta name=\"twitter:card\" content=\"summary_large_image\" \/>\n<meta name=\"twitter:label1\" content=\"Estimation du temps de lecture\" \/>\n\t<meta name=\"twitter:data1\" content=\"1 minute\" \/>\n<script type=\"application\/ld+json\" class=\"yoast-schema-graph\">{\"@context\":\"https:\/\/schema.org\",\"@graph\":[{\"@type\":\"WebPage\",\"@id\":\"https:\/\/boutiquefleursdelys.ca\/?page_id=1503\",\"url\":\"https:\/\/boutiquefleursdelys.ca\/?page_id=1503\",\"name\":\"Cercueil - Fleurs de Lys\",\"isPartOf\":{\"@id\":\"https:\/\/boutiquefleursdelys.ca\/#website\"},\"primaryImageOfPage\":{\"@id\":\"https:\/\/boutiquefleursdelys.ca\/?page_id=1503#primaryimage\"},\"image\":{\"@id\":\"https:\/\/boutiquefleursdelys.ca\/?page_id=1503#primaryimage\"},\"thumbnailUrl\":\"https:\/\/boutiquefleursdelys.ca\/wp-content\/uploads\/2024\/04\/20230302_165756-scaled-e1730737342575-1024x476.jpg\",\"datePublished\":\"2025-11-06T18:48:34+00:00\",\"dateModified\":\"2025-11-06T18:53:14+00:00\",\"breadcrumb\":{\"@id\":\"https:\/\/boutiquefleursdelys.ca\/?page_id=1503#breadcrumb\"},\"inLanguage\":\"fr-CA\",\"potentialAction\":[{\"@type\":\"ReadAction\",\"target\":[\"https:\/\/boutiquefleursdelys.ca\/?page_id=1503\"]}]},{\"@type\":\"ImageObject\",\"inLanguage\":\"fr-CA\",\"@id\":\"https:\/\/boutiquefleursdelys.ca\/?page_id=1503#primaryimage\",\"url\":\"https:\/\/boutiquefleursdelys.ca\/wp-content\/uploads\/2024\/04\/20230302_165756-scaled-e1730737342575.jpg\",\"contentUrl\":\"https:\/\/boutiquefleursdelys.ca\/wp-content\/uploads\/2024\/04\/20230302_165756-scaled-e1730737342575.jpg\",\"width\":2560,\"height\":1190,\"caption\":\"bouquet de fleurs\"},{\"@type\":\"BreadcrumbList\",\"@id\":\"https:\/\/boutiquefleursdelys.ca\/?page_id=1503#breadcrumb\",\"itemListElement\":[{\"@type\":\"ListItem\",\"position\":1,\"name\":\"Accueil\",\"item\":\"https:\/\/boutiquefleursdelys.ca\/\"},{\"@type\":\"ListItem\",\"position\":2,\"name\":\"Cercueil\"}]},{\"@type\":\"WebSite\",\"@id\":\"https:\/\/boutiquefleursdelys.ca\/#website\",\"url\":\"https:\/\/boutiquefleursdelys.ca\/\",\"name\":\"Fleurs de Lys\",\"description\":\"Votre fleuriste de confiance\",\"potentialAction\":[{\"@type\":\"SearchAction\",\"target\":{\"@type\":\"EntryPoint\",\"urlTemplate\":\"https:\/\/boutiquefleursdelys.ca\/?s={search_term_string}\"},\"query-input\":{\"@type\":\"PropertyValueSpecification\",\"valueRequired\":true,\"valueName\":\"search_term_string\"}}],\"inLanguage\":\"fr-CA\"}]}<\/script>\n<!-- \/ Yoast SEO plugin. -->","yoast_head_json":{"title":"Cercueil - Fleurs de Lys","robots":{"index":"index","follow":"follow","max-snippet":"max-snippet:-1","max-image-preview":"max-image-preview:large","max-video-preview":"max-video-preview:-1"},"canonical":"https:\/\/boutiquefleursdelys.ca\/?page_id=1503","og_locale":"fr_CA","og_type":"article","og_title":"Cercueil - Fleurs de Lys","og_description":"Bouquet 25 275.00 $ Coussin de fleurs pour cercueil compos\u00e9 de lys, roses, marguerites, eucalyptus dans des tons de blanc et de rose. Bouquet 23 325.00 $ Coussin de fleurs pour cercueil compos\u00e9 de lys, roses, \u0153illets, dendros, alstrom\u00e9rias dans des tons de rose.","og_url":"https:\/\/boutiquefleursdelys.ca\/?page_id=1503","og_site_name":"Fleurs de Lys","article_modified_time":"2025-11-06T18:53:14+00:00","og_image":[{"url":"https:\/\/boutiquefleursdelys.ca\/wp-content\/uploads\/2024\/04\/20230302_165756-scaled-e1730737342575-1024x476.jpg","type":"","width":"","height":""}],"twitter_card":"summary_large_image","twitter_misc":{"Estimation du temps de lecture":"1 minute"},"schema":{"@context":"https:\/\/schema.org","@graph":[{"@type":"WebPage","@id":"https:\/\/boutiquefleursdelys.ca\/?page_id=1503","url":"https:\/\/boutiquefleursdelys.ca\/?page_id=1503","name":"Cercueil - Fleurs de Lys","isPartOf":{"@id":"https:\/\/boutiquefleursdelys.ca\/#website"},"primaryImageOfPage":{"@id":"https:\/\/boutiquefleursdelys.ca\/?page_id=1503#primaryimage"},"image":{"@id":"https:\/\/boutiquefleursdelys.ca\/?page_id=1503#primaryimage"},"thumbnailUrl":"https:\/\/boutiquefleursdelys.ca\/wp-content\/uploads\/2024\/04\/20230302_165756-scaled-e1730737342575-1024x476.jpg","datePublished":"2025-11-06T18:48:34+00:00","dateModified":"2025-11-06T18:53:14+00:00","breadcrumb":{"@id":"https:\/\/boutiquefleursdelys.ca\/?page_id=1503#breadcrumb"},"inLanguage":"fr-CA","potentialAction":[{"@type":"ReadAction","target":["https:\/\/boutiquefleursdelys.ca\/?page_id=1503"]}]},{"@type":"ImageObject","inLanguage":"fr-CA","@id":"https:\/\/boutiquefleursdelys.ca\/?page_id=1503#primaryimage","url":"https:\/\/boutiquefleursdelys.ca\/wp-content\/uploads\/2024\/04\/20230302_165756-scaled-e1730737342575.jpg","contentUrl":"https:\/\/boutiquefleursdelys.ca\/wp-content\/uploads\/2024\/04\/20230302_165756-scaled-e1730737342575.jpg","width":2560,"height":1190,"caption":"bouquet de fleurs"},{"@type":"BreadcrumbList","@id":"https:\/\/boutiquefleursdelys.ca\/?page_id=1503#breadcrumb","itemListElement":[{"@type":"ListItem","position":1,"name":"Accueil","item":"https:\/\/boutiquefleursdelys.ca\/"},{"@type":"ListItem","position":2,"name":"Cercueil"}]},{"@type":"WebSite","@id":"https:\/\/boutiquefleursdelys.ca\/#website","url":"https:\/\/boutiquefleursdelys.ca\/","name":"Fleurs de Lys","description":"Votre fleuriste de confiance","potentialAction":[{"@type":"SearchAction","target":{"@type":"EntryPoint","urlTemplate":"https:\/\/boutiquefleursdelys.ca\/?s={search_term_string}"},"query-input":{"@type":"PropertyValueSpecification","valueRequired":true,"valueName":"search_term_string"}}],"inLanguage":"fr-CA"}]}},"_links":{"self":[{"href":"https:\/\/boutiquefleursdelys.ca\/index.php?rest_route=\/wp\/v2\/pages\/1503","targetHints":{"allow":["GET"]}}],"collection":[{"href":"https:\/\/boutiquefleursdelys.ca\/index.php?rest_route=\/wp\/v2\/pages"}],"about":[{"href":"https:\/\/boutiquefleursdelys.ca\/index.php?rest_route=\/wp\/v2\/types\/page"}],"author":[{"embeddable":true,"href":"https:\/\/boutiquefleursdelys.ca\/index.php?rest_route=\/wp\/v2\/users\/990006"}],"replies":[{"embeddable":true,"href":"https:\/\/boutiquefleursdelys.ca\/index.php?rest_route=%2Fwp%2Fv2%2Fcomments&post=1503"}],"version-history":[{"count":2,"href":"https:\/\/boutiquefleursdelys.ca\/index.php?rest_route=\/wp\/v2\/pages\/1503\/revisions"}],"predecessor-version":[{"id":1507,"href":"https:\/\/boutiquefleursdelys.ca\/index.php?rest_route=\/wp\/v2\/pages\/1503\/revisions\/1507"}],"wp:attachment":[{"href":"https:\/\/boutiquefleursdelys.ca\/index.php?rest_route=%2Fwp%2Fv2%2Fmedia&parent=1503"}],"curies":[{"name":"wp","href":"https:\/\/api.w.org\/{rel}","templated":true}]}}