{"id":1533,"date":"2025-11-06T20:15:23","date_gmt":"2025-11-06T20:15:23","guid":{"rendered":"https:\/\/boutiquefleursdelys.ca\/?page_id=1533"},"modified":"2025-11-06T20:18:56","modified_gmt":"2025-11-06T20:18:56","slug":"bouquet","status":"publish","type":"page","link":"https:\/\/boutiquefleursdelys.ca\/?page_id=1533","title":{"rendered":"Bouquet"},"content":{"rendered":"\n<div class=\"wp-block-columns is-layout-flex wp-container-core-columns-is-layout-9d6595d7 wp-block-columns-is-layout-flex\">\n<div class=\"wp-block-column is-layout-flow wp-block-column-is-layout-flow\">\n<div class=\"wp-block-media-text is-stacked-on-mobile is-vertically-aligned-top\"><figure class=\"wp-block-media-text__media\"><img loading=\"lazy\" decoding=\"async\" width=\"1024\" height=\"768\" src=\"https:\/\/boutiquefleursdelys.ca\/wp-content\/uploads\/2024\/10\/received_1776985269773808-1024x768.jpeg\" alt=\"Mariage.\" class=\"wp-image-1212 size-full\" srcset=\"https:\/\/boutiquefleursdelys.ca\/wp-content\/uploads\/2024\/10\/received_1776985269773808-1024x768.jpeg 1024w, https:\/\/boutiquefleursdelys.ca\/wp-content\/uploads\/2024\/10\/received_1776985269773808-300x225.jpeg 300w, https:\/\/boutiquefleursdelys.ca\/wp-content\/uploads\/2024\/10\/received_1776985269773808-768x576.jpeg 768w, https:\/\/boutiquefleursdelys.ca\/wp-content\/uploads\/2024\/10\/received_1776985269773808-1536x1152.jpeg 1536w, https:\/\/boutiquefleursdelys.ca\/wp-content\/uploads\/2024\/10\/received_1776985269773808-600x450.jpeg 600w, https:\/\/boutiquefleursdelys.ca\/wp-content\/uploads\/2024\/10\/received_1776985269773808.jpeg 2016w\" sizes=\"auto, (max-width: 1024px) 100vw, 1024px\" \/><\/figure><div class=\"wp-block-media-text__content\">\n<h2 class=\"wp-block-heading\" style=\"font-size:35px\">Bouquet 33<\/h2>\n\n\n\n<p class=\"has-small-font-size\">120.00 $<\/p>\n\n\n\n<p>Bouquet de la mari\u00e9e compos\u00e9 de rose bleue, roses blanches, marguerites ,dendros bleu.<\/p>\n<\/div><\/div>\n<\/div>\n\n\n\n<div class=\"wp-block-column is-layout-flow wp-block-column-is-layout-flow\">\n<div class=\"wp-block-media-text is-stacked-on-mobile is-vertically-aligned-top\"><figure class=\"wp-block-media-text__media\"><img loading=\"lazy\" decoding=\"async\" width=\"901\" height=\"1024\" src=\"https:\/\/boutiquefleursdelys.ca\/wp-content\/uploads\/2024\/10\/20240726_191833-scaled-e1730124219615-901x1024.jpg\" alt=\"Mariages.\" class=\"wp-image-1217 size-full\" srcset=\"https:\/\/boutiquefleursdelys.ca\/wp-content\/uploads\/2024\/10\/20240726_191833-scaled-e1730124219615-901x1024.jpg 901w, https:\/\/boutiquefleursdelys.ca\/wp-content\/uploads\/2024\/10\/20240726_191833-scaled-e1730124219615-264x300.jpg 264w, https:\/\/boutiquefleursdelys.ca\/wp-content\/uploads\/2024\/10\/20240726_191833-scaled-e1730124219615-768x873.jpg 768w, https:\/\/boutiquefleursdelys.ca\/wp-content\/uploads\/2024\/10\/20240726_191833-scaled-e1730124219615-600x682.jpg 600w, https:\/\/boutiquefleursdelys.ca\/wp-content\/uploads\/2024\/10\/20240726_191833-scaled-e1730124219615.jpg 1152w\" sizes=\"auto, (max-width: 901px) 100vw, 901px\" \/><\/figure><div class=\"wp-block-media-text__content\">\n<h2 class=\"wp-block-heading\" style=\"font-size:35px\">Bouquet 15<\/h2>\n\n\n\n<p>&#8211;<\/p>\n\n\n\n<p>Bouquet de la mari\u00e9e compos\u00e9 de pampas blanc, pampas beige, roses blanches, queues de lapin .<\/p>\n<\/div><\/div>\n<\/div>\n<\/div>\n\n\n\n<div class=\"wp-block-columns is-layout-flex wp-container-core-columns-is-layout-9d6595d7 wp-block-columns-is-layout-flex\">\n<div class=\"wp-block-column is-layout-flow wp-block-column-is-layout-flow\">\n<div class=\"wp-block-media-text is-stacked-on-mobile is-vertically-aligned-top\"><figure class=\"wp-block-media-text__media\"><img loading=\"lazy\" decoding=\"async\" width=\"878\" height=\"1024\" src=\"https:\/\/boutiquefleursdelys.ca\/wp-content\/uploads\/2024\/10\/20240802_184237-scaled-e1730123821232-878x1024.jpg\" alt=\"mariage\" class=\"wp-image-1219 size-full\" srcset=\"https:\/\/boutiquefleursdelys.ca\/wp-content\/uploads\/2024\/10\/20240802_184237-scaled-e1730123821232-878x1024.jpg 878w, https:\/\/boutiquefleursdelys.ca\/wp-content\/uploads\/2024\/10\/20240802_184237-scaled-e1730123821232-257x300.jpg 257w, https:\/\/boutiquefleursdelys.ca\/wp-content\/uploads\/2024\/10\/20240802_184237-scaled-e1730123821232-768x896.jpg 768w, https:\/\/boutiquefleursdelys.ca\/wp-content\/uploads\/2024\/10\/20240802_184237-scaled-e1730123821232-600x700.jpg 600w, https:\/\/boutiquefleursdelys.ca\/wp-content\/uploads\/2024\/10\/20240802_184237-scaled-e1730123821232.jpg 1152w\" sizes=\"auto, (max-width: 878px) 100vw, 878px\" \/><\/figure><div class=\"wp-block-media-text__content\">\n<h2 class=\"wp-block-heading\" style=\"font-size:35px\">Bouquet 8<\/h2>\n\n\n\n<p class=\"has-small-font-size\">100.00 $<\/p>\n\n\n\n<p>Bouquet de la mari\u00e9e compos\u00e9 de roses bleues, roses blanches, gentianes, thlaspi.<\/p>\n<\/div><\/div>\n<\/div>\n\n\n\n<div class=\"wp-block-column is-layout-flow wp-block-column-is-layout-flow\">\n<div class=\"wp-block-media-text is-stacked-on-mobile is-vertically-aligned-top\"><figure class=\"wp-block-media-text__media\"><img loading=\"lazy\" decoding=\"async\" width=\"768\" height=\"1024\" src=\"https:\/\/boutiquefleursdelys.ca\/wp-content\/uploads\/2024\/04\/fleur001.jpeg\" alt=\"Mariages\" class=\"wp-image-1223 size-full\" srcset=\"https:\/\/boutiquefleursdelys.ca\/wp-content\/uploads\/2024\/04\/fleur001.jpeg 768w, https:\/\/boutiquefleursdelys.ca\/wp-content\/uploads\/2024\/04\/fleur001-225x300.jpeg 225w, https:\/\/boutiquefleursdelys.ca\/wp-content\/uploads\/2024\/04\/fleur001-600x800.jpeg 600w\" sizes=\"auto, (max-width: 768px) 100vw, 768px\" \/><\/figure><div class=\"wp-block-media-text__content\">\n<h2 class=\"wp-block-heading\" style=\"font-size:35px\">Bouquet 1<\/h2>\n\n\n\n<p class=\"has-small-font-size\">75.00 $<\/p>\n\n\n\n<p>Bouquet de la mari\u00e9e compos\u00e9 de roses bleues, roses blanches, marguerites blanches, thlaspi.<\/p>\n<\/div><\/div>\n<\/div>\n<\/div>\n","protected":false},"excerpt":{"rendered":"<p>Bouquet 33 120.00 $ Bouquet de la mari\u00e9e compos\u00e9 de rose bleue, roses blanches, marguerites ,dendros bleu. Bouquet 15 &#8211; Bouquet de la mari\u00e9e compos\u00e9 de pampas blanc, pampas beige, roses blanches, queues de lapin . Bouquet 8 100.00 $ Bouquet de la mari\u00e9e compos\u00e9 de roses bleues, roses blanches, gentianes, thlaspi. Bouquet 1 75.00 [&hellip;]<\/p>\n","protected":false},"author":990006,"featured_media":0,"parent":0,"menu_order":0,"comment_status":"closed","ping_status":"closed","template":"","meta":{"footnotes":""},"class_list":["post-1533","page","type-page","status-publish","hentry"],"yoast_head":"<!-- This site is optimized with the Yoast SEO plugin v26.4 - https:\/\/yoast.com\/wordpress\/plugins\/seo\/ -->\n<title>Bouquet - Fleurs de Lys<\/title>\n<meta name=\"robots\" content=\"index, follow, max-snippet:-1, max-image-preview:large, max-video-preview:-1\" \/>\n<link rel=\"canonical\" href=\"https:\/\/boutiquefleursdelys.ca\/?page_id=1533\" \/>\n<meta property=\"og:locale\" content=\"fr_CA\" \/>\n<meta property=\"og:type\" content=\"article\" \/>\n<meta property=\"og:title\" content=\"Bouquet - Fleurs de Lys\" \/>\n<meta property=\"og:description\" content=\"Bouquet 33 120.00 $ Bouquet de la mari\u00e9e compos\u00e9 de rose bleue, roses blanches, marguerites ,dendros bleu. Bouquet 15 &#8211; Bouquet de la mari\u00e9e compos\u00e9 de pampas blanc, pampas beige, roses blanches, queues de lapin . Bouquet 8 100.00 $ Bouquet de la mari\u00e9e compos\u00e9 de roses bleues, roses blanches, gentianes, thlaspi. Bouquet 1 75.00 [&hellip;]\" \/>\n<meta property=\"og:url\" content=\"https:\/\/boutiquefleursdelys.ca\/?page_id=1533\" \/>\n<meta property=\"og:site_name\" content=\"Fleurs de Lys\" \/>\n<meta property=\"article:modified_time\" content=\"2025-11-06T20:18:56+00:00\" \/>\n<meta property=\"og:image\" content=\"https:\/\/boutiquefleursdelys.ca\/wp-content\/uploads\/2024\/10\/received_1776985269773808-1024x768.jpeg\" \/>\n<meta name=\"twitter:card\" content=\"summary_large_image\" \/>\n<meta name=\"twitter:label1\" content=\"Estimation du temps de lecture\" \/>\n\t<meta name=\"twitter:data1\" content=\"2 minutes\" \/>\n<script type=\"application\/ld+json\" class=\"yoast-schema-graph\">{\"@context\":\"https:\/\/schema.org\",\"@graph\":[{\"@type\":\"WebPage\",\"@id\":\"https:\/\/boutiquefleursdelys.ca\/?page_id=1533\",\"url\":\"https:\/\/boutiquefleursdelys.ca\/?page_id=1533\",\"name\":\"Bouquet - Fleurs de Lys\",\"isPartOf\":{\"@id\":\"https:\/\/boutiquefleursdelys.ca\/#website\"},\"primaryImageOfPage\":{\"@id\":\"https:\/\/boutiquefleursdelys.ca\/?page_id=1533#primaryimage\"},\"image\":{\"@id\":\"https:\/\/boutiquefleursdelys.ca\/?page_id=1533#primaryimage\"},\"thumbnailUrl\":\"https:\/\/boutiquefleursdelys.ca\/wp-content\/uploads\/2024\/10\/received_1776985269773808-1024x768.jpeg\",\"datePublished\":\"2025-11-06T20:15:23+00:00\",\"dateModified\":\"2025-11-06T20:18:56+00:00\",\"breadcrumb\":{\"@id\":\"https:\/\/boutiquefleursdelys.ca\/?page_id=1533#breadcrumb\"},\"inLanguage\":\"fr-CA\",\"potentialAction\":[{\"@type\":\"ReadAction\",\"target\":[\"https:\/\/boutiquefleursdelys.ca\/?page_id=1533\"]}]},{\"@type\":\"ImageObject\",\"inLanguage\":\"fr-CA\",\"@id\":\"https:\/\/boutiquefleursdelys.ca\/?page_id=1533#primaryimage\",\"url\":\"https:\/\/boutiquefleursdelys.ca\/wp-content\/uploads\/2024\/10\/received_1776985269773808.jpeg\",\"contentUrl\":\"https:\/\/boutiquefleursdelys.ca\/wp-content\/uploads\/2024\/10\/received_1776985269773808.jpeg\",\"width\":2016,\"height\":1512,\"caption\":\"Bouquet de la mari\u00e9e.\"},{\"@type\":\"BreadcrumbList\",\"@id\":\"https:\/\/boutiquefleursdelys.ca\/?page_id=1533#breadcrumb\",\"itemListElement\":[{\"@type\":\"ListItem\",\"position\":1,\"name\":\"Accueil\",\"item\":\"https:\/\/boutiquefleursdelys.ca\/\"},{\"@type\":\"ListItem\",\"position\":2,\"name\":\"Bouquet\"}]},{\"@type\":\"WebSite\",\"@id\":\"https:\/\/boutiquefleursdelys.ca\/#website\",\"url\":\"https:\/\/boutiquefleursdelys.ca\/\",\"name\":\"Fleurs de Lys\",\"description\":\"Votre fleuriste de confiance\",\"potentialAction\":[{\"@type\":\"SearchAction\",\"target\":{\"@type\":\"EntryPoint\",\"urlTemplate\":\"https:\/\/boutiquefleursdelys.ca\/?s={search_term_string}\"},\"query-input\":{\"@type\":\"PropertyValueSpecification\",\"valueRequired\":true,\"valueName\":\"search_term_string\"}}],\"inLanguage\":\"fr-CA\"}]}<\/script>\n<!-- \/ Yoast SEO plugin. -->","yoast_head_json":{"title":"Bouquet - Fleurs de Lys","robots":{"index":"index","follow":"follow","max-snippet":"max-snippet:-1","max-image-preview":"max-image-preview:large","max-video-preview":"max-video-preview:-1"},"canonical":"https:\/\/boutiquefleursdelys.ca\/?page_id=1533","og_locale":"fr_CA","og_type":"article","og_title":"Bouquet - Fleurs de Lys","og_description":"Bouquet 33 120.00 $ Bouquet de la mari\u00e9e compos\u00e9 de rose bleue, roses blanches, marguerites ,dendros bleu. Bouquet 15 &#8211; Bouquet de la mari\u00e9e compos\u00e9 de pampas blanc, pampas beige, roses blanches, queues de lapin . Bouquet 8 100.00 $ Bouquet de la mari\u00e9e compos\u00e9 de roses bleues, roses blanches, gentianes, thlaspi. Bouquet 1 75.00 [&hellip;]","og_url":"https:\/\/boutiquefleursdelys.ca\/?page_id=1533","og_site_name":"Fleurs de Lys","article_modified_time":"2025-11-06T20:18:56+00:00","og_image":[{"url":"https:\/\/boutiquefleursdelys.ca\/wp-content\/uploads\/2024\/10\/received_1776985269773808-1024x768.jpeg","type":"","width":"","height":""}],"twitter_card":"summary_large_image","twitter_misc":{"Estimation du temps de lecture":"2 minutes"},"schema":{"@context":"https:\/\/schema.org","@graph":[{"@type":"WebPage","@id":"https:\/\/boutiquefleursdelys.ca\/?page_id=1533","url":"https:\/\/boutiquefleursdelys.ca\/?page_id=1533","name":"Bouquet - Fleurs de Lys","isPartOf":{"@id":"https:\/\/boutiquefleursdelys.ca\/#website"},"primaryImageOfPage":{"@id":"https:\/\/boutiquefleursdelys.ca\/?page_id=1533#primaryimage"},"image":{"@id":"https:\/\/boutiquefleursdelys.ca\/?page_id=1533#primaryimage"},"thumbnailUrl":"https:\/\/boutiquefleursdelys.ca\/wp-content\/uploads\/2024\/10\/received_1776985269773808-1024x768.jpeg","datePublished":"2025-11-06T20:15:23+00:00","dateModified":"2025-11-06T20:18:56+00:00","breadcrumb":{"@id":"https:\/\/boutiquefleursdelys.ca\/?page_id=1533#breadcrumb"},"inLanguage":"fr-CA","potentialAction":[{"@type":"ReadAction","target":["https:\/\/boutiquefleursdelys.ca\/?page_id=1533"]}]},{"@type":"ImageObject","inLanguage":"fr-CA","@id":"https:\/\/boutiquefleursdelys.ca\/?page_id=1533#primaryimage","url":"https:\/\/boutiquefleursdelys.ca\/wp-content\/uploads\/2024\/10\/received_1776985269773808.jpeg","contentUrl":"https:\/\/boutiquefleursdelys.ca\/wp-content\/uploads\/2024\/10\/received_1776985269773808.jpeg","width":2016,"height":1512,"caption":"Bouquet de la mari\u00e9e."},{"@type":"BreadcrumbList","@id":"https:\/\/boutiquefleursdelys.ca\/?page_id=1533#breadcrumb","itemListElement":[{"@type":"ListItem","position":1,"name":"Accueil","item":"https:\/\/boutiquefleursdelys.ca\/"},{"@type":"ListItem","position":2,"name":"Bouquet"}]},{"@type":"WebSite","@id":"https:\/\/boutiquefleursdelys.ca\/#website","url":"https:\/\/boutiquefleursdelys.ca\/","name":"Fleurs de Lys","description":"Votre fleuriste de confiance","potentialAction":[{"@type":"SearchAction","target":{"@type":"EntryPoint","urlTemplate":"https:\/\/boutiquefleursdelys.ca\/?s={search_term_string}"},"query-input":{"@type":"PropertyValueSpecification","valueRequired":true,"valueName":"search_term_string"}}],"inLanguage":"fr-CA"}]}},"_links":{"self":[{"href":"https:\/\/boutiquefleursdelys.ca\/index.php?rest_route=\/wp\/v2\/pages\/1533","targetHints":{"allow":["GET"]}}],"collection":[{"href":"https:\/\/boutiquefleursdelys.ca\/index.php?rest_route=\/wp\/v2\/pages"}],"about":[{"href":"https:\/\/boutiquefleursdelys.ca\/index.php?rest_route=\/wp\/v2\/types\/page"}],"author":[{"embeddable":true,"href":"https:\/\/boutiquefleursdelys.ca\/index.php?rest_route=\/wp\/v2\/users\/990006"}],"replies":[{"embeddable":true,"href":"https:\/\/boutiquefleursdelys.ca\/index.php?rest_route=%2Fwp%2Fv2%2Fcomments&post=1533"}],"version-history":[{"count":2,"href":"https:\/\/boutiquefleursdelys.ca\/index.php?rest_route=\/wp\/v2\/pages\/1533\/revisions"}],"predecessor-version":[{"id":1538,"href":"https:\/\/boutiquefleursdelys.ca\/index.php?rest_route=\/wp\/v2\/pages\/1533\/revisions\/1538"}],"wp:attachment":[{"href":"https:\/\/boutiquefleursdelys.ca\/index.php?rest_route=%2Fwp%2Fv2%2Fmedia&parent=1533"}],"curies":[{"name":"wp","href":"https:\/\/api.w.org\/{rel}","templated":true}]}}