{"id":1539,"date":"2025-11-06T20:23:04","date_gmt":"2025-11-06T20:23:04","guid":{"rendered":"https:\/\/boutiquefleursdelys.ca\/?page_id=1539"},"modified":"2025-11-06T20:23:05","modified_gmt":"2025-11-06T20:23:05","slug":"bracelet","status":"publish","type":"page","link":"https:\/\/boutiquefleursdelys.ca\/?page_id=1539","title":{"rendered":"Bracelet"},"content":{"rendered":"\n<div class=\"wp-block-columns is-layout-flex wp-container-core-columns-is-layout-9d6595d7 wp-block-columns-is-layout-flex\">\n<div class=\"wp-block-column is-layout-flow wp-block-column-is-layout-flow\">\n<div class=\"wp-block-media-text is-stacked-on-mobile is-vertically-aligned-top\"><figure class=\"wp-block-media-text__media\"><img loading=\"lazy\" decoding=\"async\" width=\"871\" height=\"1024\" src=\"https:\/\/boutiquefleursdelys.ca\/wp-content\/uploads\/2024\/10\/20240710_130434-scaled-e1730124911445-871x1024.jpg\" alt=\"Mariages.\" class=\"wp-image-1214 size-full\" srcset=\"https:\/\/boutiquefleursdelys.ca\/wp-content\/uploads\/2024\/10\/20240710_130434-scaled-e1730124911445-871x1024.jpg 871w, https:\/\/boutiquefleursdelys.ca\/wp-content\/uploads\/2024\/10\/20240710_130434-scaled-e1730124911445-255x300.jpg 255w, https:\/\/boutiquefleursdelys.ca\/wp-content\/uploads\/2024\/10\/20240710_130434-scaled-e1730124911445-768x903.jpg 768w, https:\/\/boutiquefleursdelys.ca\/wp-content\/uploads\/2024\/10\/20240710_130434-scaled-e1730124911445-1306x1536.jpg 1306w, https:\/\/boutiquefleursdelys.ca\/wp-content\/uploads\/2024\/10\/20240710_130434-scaled-e1730124911445-600x705.jpg 600w, https:\/\/boutiquefleursdelys.ca\/wp-content\/uploads\/2024\/10\/20240710_130434-scaled-e1730124911445.jpg 1440w\" sizes=\"auto, (max-width: 871px) 100vw, 871px\" \/><\/figure><div class=\"wp-block-media-text__content\">\n<h2 class=\"wp-block-heading\" style=\"font-size:35px\">Bouquet 29<\/h2>\n\n\n\n<p class=\"has-small-font-size\">25.00 $<\/p>\n\n\n\n<p>Bracelet de fleurs s\u00e9ch\u00e9es et bijoux pour mariage ou bal de finissants.<\/p>\n<\/div><\/div>\n<\/div>\n\n\n\n<div class=\"wp-block-column is-layout-flow wp-block-column-is-layout-flow\">\n<div class=\"wp-block-media-text is-stacked-on-mobile is-vertically-aligned-top\"><figure class=\"wp-block-media-text__media\"><img loading=\"lazy\" decoding=\"async\" width=\"592\" height=\"1024\" src=\"https:\/\/boutiquefleursdelys.ca\/wp-content\/uploads\/2024\/10\/20240726_153437-scaled-e1730124613660-592x1024.jpg\" alt=\"Mariages.\" class=\"wp-image-1216 size-full\" srcset=\"https:\/\/boutiquefleursdelys.ca\/wp-content\/uploads\/2024\/10\/20240726_153437-scaled-e1730124613660-592x1024.jpg 592w, https:\/\/boutiquefleursdelys.ca\/wp-content\/uploads\/2024\/10\/20240726_153437-scaled-e1730124613660-173x300.jpg 173w, https:\/\/boutiquefleursdelys.ca\/wp-content\/uploads\/2024\/10\/20240726_153437-scaled-e1730124613660-768x1328.jpg 768w, https:\/\/boutiquefleursdelys.ca\/wp-content\/uploads\/2024\/10\/20240726_153437-scaled-e1730124613660-888x1536.jpg 888w, https:\/\/boutiquefleursdelys.ca\/wp-content\/uploads\/2024\/10\/20240726_153437-scaled-e1730124613660-600x1038.jpg 600w, https:\/\/boutiquefleursdelys.ca\/wp-content\/uploads\/2024\/10\/20240726_153437-scaled-e1730124613660.jpg 1147w\" sizes=\"auto, (max-width: 592px) 100vw, 592px\" \/><\/figure><div class=\"wp-block-media-text__content\">\n<h2 class=\"wp-block-heading\" style=\"font-size:35px\">Bouquet 26<\/h2>\n\n\n\n<p>25.00 $<\/p>\n\n\n\n<p>Bracelet pour mariage ou bal de finissants compos\u00e9 de lisianthus blancs, pampas, queues de lapin.<\/p>\n<\/div><\/div>\n<\/div>\n<\/div>\n\n\n\n<div class=\"wp-block-columns is-layout-flex wp-container-core-columns-is-layout-9d6595d7 wp-block-columns-is-layout-flex\">\n<div class=\"wp-block-column is-layout-flow wp-block-column-is-layout-flow\">\n<div class=\"wp-block-media-text is-stacked-on-mobile is-vertically-aligned-top\"><figure class=\"wp-block-media-text__media\"><img loading=\"lazy\" decoding=\"async\" width=\"2560\" height=\"1153\" src=\"https:\/\/boutiquefleursdelys.ca\/wp-content\/uploads\/2024\/10\/20240802_163753-scaled.jpg\" alt=\"Mariage\" class=\"wp-image-1218 size-full\" srcset=\"https:\/\/boutiquefleursdelys.ca\/wp-content\/uploads\/2024\/10\/20240802_163753-scaled.jpg 2560w, https:\/\/boutiquefleursdelys.ca\/wp-content\/uploads\/2024\/10\/20240802_163753-300x135.jpg 300w, https:\/\/boutiquefleursdelys.ca\/wp-content\/uploads\/2024\/10\/20240802_163753-1024x461.jpg 1024w, https:\/\/boutiquefleursdelys.ca\/wp-content\/uploads\/2024\/10\/20240802_163753-768x346.jpg 768w, https:\/\/boutiquefleursdelys.ca\/wp-content\/uploads\/2024\/10\/20240802_163753-1536x692.jpg 1536w, https:\/\/boutiquefleursdelys.ca\/wp-content\/uploads\/2024\/10\/20240802_163753-2048x922.jpg 2048w, https:\/\/boutiquefleursdelys.ca\/wp-content\/uploads\/2024\/10\/20240802_163753-600x270.jpg 600w\" sizes=\"auto, (max-width: 2560px) 100vw, 2560px\" \/><\/figure><div class=\"wp-block-media-text__content\">\n<h2 class=\"wp-block-heading\" style=\"font-size:35px\">Bouquet 11<\/h2>\n\n\n\n<p class=\"has-small-font-size\">25.00 $<\/p>\n\n\n\n<p>Bracelet pour mariage ou bal de finissants compos\u00e9 de lisianthus bleus et blancs<\/p>\n<\/div><\/div>\n<\/div>\n\n\n\n<div class=\"wp-block-column is-layout-flow wp-block-column-is-layout-flow\"><\/div>\n<\/div>\n","protected":false},"excerpt":{"rendered":"<p>Bouquet 29 25.00 $ Bracelet de fleurs s\u00e9ch\u00e9es et bijoux pour mariage ou bal de finissants. Bouquet 26 25.00 $ Bracelet pour mariage ou bal de finissants compos\u00e9 de lisianthus blancs, pampas, queues de lapin. Bouquet 11 25.00 $ Bracelet pour mariage ou bal de finissants compos\u00e9 de lisianthus bleus et blancs<\/p>\n","protected":false},"author":990006,"featured_media":0,"parent":0,"menu_order":0,"comment_status":"closed","ping_status":"closed","template":"","meta":{"footnotes":""},"class_list":["post-1539","page","type-page","status-publish","hentry"],"yoast_head":"<!-- This site is optimized with the Yoast SEO plugin v26.4 - https:\/\/yoast.com\/wordpress\/plugins\/seo\/ -->\n<title>Bracelet - Fleurs de Lys<\/title>\n<meta name=\"robots\" content=\"index, follow, max-snippet:-1, max-image-preview:large, max-video-preview:-1\" \/>\n<link rel=\"canonical\" href=\"https:\/\/boutiquefleursdelys.ca\/?page_id=1539\" \/>\n<meta property=\"og:locale\" content=\"fr_CA\" \/>\n<meta property=\"og:type\" content=\"article\" \/>\n<meta property=\"og:title\" content=\"Bracelet - Fleurs de Lys\" \/>\n<meta property=\"og:description\" content=\"Bouquet 29 25.00 $ Bracelet de fleurs s\u00e9ch\u00e9es et bijoux pour mariage ou bal de finissants. Bouquet 26 25.00 $ Bracelet pour mariage ou bal de finissants compos\u00e9 de lisianthus blancs, pampas, queues de lapin. Bouquet 11 25.00 $ Bracelet pour mariage ou bal de finissants compos\u00e9 de lisianthus bleus et blancs\" \/>\n<meta property=\"og:url\" content=\"https:\/\/boutiquefleursdelys.ca\/?page_id=1539\" \/>\n<meta property=\"og:site_name\" content=\"Fleurs de Lys\" \/>\n<meta property=\"article:modified_time\" content=\"2025-11-06T20:23:05+00:00\" \/>\n<meta property=\"og:image\" content=\"https:\/\/boutiquefleursdelys.ca\/wp-content\/uploads\/2024\/10\/20240710_130434-scaled-e1730124911445-871x1024.jpg\" \/>\n<meta name=\"twitter:card\" content=\"summary_large_image\" \/>\n<meta name=\"twitter:label1\" content=\"Estimation du temps de lecture\" \/>\n\t<meta name=\"twitter:data1\" content=\"1 minute\" \/>\n<script type=\"application\/ld+json\" class=\"yoast-schema-graph\">{\"@context\":\"https:\/\/schema.org\",\"@graph\":[{\"@type\":\"WebPage\",\"@id\":\"https:\/\/boutiquefleursdelys.ca\/?page_id=1539\",\"url\":\"https:\/\/boutiquefleursdelys.ca\/?page_id=1539\",\"name\":\"Bracelet - Fleurs de Lys\",\"isPartOf\":{\"@id\":\"https:\/\/boutiquefleursdelys.ca\/#website\"},\"primaryImageOfPage\":{\"@id\":\"https:\/\/boutiquefleursdelys.ca\/?page_id=1539#primaryimage\"},\"image\":{\"@id\":\"https:\/\/boutiquefleursdelys.ca\/?page_id=1539#primaryimage\"},\"thumbnailUrl\":\"https:\/\/boutiquefleursdelys.ca\/wp-content\/uploads\/2024\/10\/20240710_130434-scaled-e1730124911445-871x1024.jpg\",\"datePublished\":\"2025-11-06T20:23:04+00:00\",\"dateModified\":\"2025-11-06T20:23:05+00:00\",\"breadcrumb\":{\"@id\":\"https:\/\/boutiquefleursdelys.ca\/?page_id=1539#breadcrumb\"},\"inLanguage\":\"fr-CA\",\"potentialAction\":[{\"@type\":\"ReadAction\",\"target\":[\"https:\/\/boutiquefleursdelys.ca\/?page_id=1539\"]}]},{\"@type\":\"ImageObject\",\"inLanguage\":\"fr-CA\",\"@id\":\"https:\/\/boutiquefleursdelys.ca\/?page_id=1539#primaryimage\",\"url\":\"https:\/\/boutiquefleursdelys.ca\/wp-content\/uploads\/2024\/10\/20240710_130434-scaled-e1730124911445.jpg\",\"contentUrl\":\"https:\/\/boutiquefleursdelys.ca\/wp-content\/uploads\/2024\/10\/20240710_130434-scaled-e1730124911445.jpg\",\"width\":1440,\"height\":1693,\"caption\":\"Bracelet.\"},{\"@type\":\"BreadcrumbList\",\"@id\":\"https:\/\/boutiquefleursdelys.ca\/?page_id=1539#breadcrumb\",\"itemListElement\":[{\"@type\":\"ListItem\",\"position\":1,\"name\":\"Accueil\",\"item\":\"https:\/\/boutiquefleursdelys.ca\/\"},{\"@type\":\"ListItem\",\"position\":2,\"name\":\"Bracelet\"}]},{\"@type\":\"WebSite\",\"@id\":\"https:\/\/boutiquefleursdelys.ca\/#website\",\"url\":\"https:\/\/boutiquefleursdelys.ca\/\",\"name\":\"Fleurs de Lys\",\"description\":\"Votre fleuriste de confiance\",\"potentialAction\":[{\"@type\":\"SearchAction\",\"target\":{\"@type\":\"EntryPoint\",\"urlTemplate\":\"https:\/\/boutiquefleursdelys.ca\/?s={search_term_string}\"},\"query-input\":{\"@type\":\"PropertyValueSpecification\",\"valueRequired\":true,\"valueName\":\"search_term_string\"}}],\"inLanguage\":\"fr-CA\"}]}<\/script>\n<!-- \/ Yoast SEO plugin. -->","yoast_head_json":{"title":"Bracelet - Fleurs de Lys","robots":{"index":"index","follow":"follow","max-snippet":"max-snippet:-1","max-image-preview":"max-image-preview:large","max-video-preview":"max-video-preview:-1"},"canonical":"https:\/\/boutiquefleursdelys.ca\/?page_id=1539","og_locale":"fr_CA","og_type":"article","og_title":"Bracelet - Fleurs de Lys","og_description":"Bouquet 29 25.00 $ Bracelet de fleurs s\u00e9ch\u00e9es et bijoux pour mariage ou bal de finissants. Bouquet 26 25.00 $ Bracelet pour mariage ou bal de finissants compos\u00e9 de lisianthus blancs, pampas, queues de lapin. Bouquet 11 25.00 $ Bracelet pour mariage ou bal de finissants compos\u00e9 de lisianthus bleus et blancs","og_url":"https:\/\/boutiquefleursdelys.ca\/?page_id=1539","og_site_name":"Fleurs de Lys","article_modified_time":"2025-11-06T20:23:05+00:00","og_image":[{"url":"https:\/\/boutiquefleursdelys.ca\/wp-content\/uploads\/2024\/10\/20240710_130434-scaled-e1730124911445-871x1024.jpg","type":"","width":"","height":""}],"twitter_card":"summary_large_image","twitter_misc":{"Estimation du temps de lecture":"1 minute"},"schema":{"@context":"https:\/\/schema.org","@graph":[{"@type":"WebPage","@id":"https:\/\/boutiquefleursdelys.ca\/?page_id=1539","url":"https:\/\/boutiquefleursdelys.ca\/?page_id=1539","name":"Bracelet - Fleurs de Lys","isPartOf":{"@id":"https:\/\/boutiquefleursdelys.ca\/#website"},"primaryImageOfPage":{"@id":"https:\/\/boutiquefleursdelys.ca\/?page_id=1539#primaryimage"},"image":{"@id":"https:\/\/boutiquefleursdelys.ca\/?page_id=1539#primaryimage"},"thumbnailUrl":"https:\/\/boutiquefleursdelys.ca\/wp-content\/uploads\/2024\/10\/20240710_130434-scaled-e1730124911445-871x1024.jpg","datePublished":"2025-11-06T20:23:04+00:00","dateModified":"2025-11-06T20:23:05+00:00","breadcrumb":{"@id":"https:\/\/boutiquefleursdelys.ca\/?page_id=1539#breadcrumb"},"inLanguage":"fr-CA","potentialAction":[{"@type":"ReadAction","target":["https:\/\/boutiquefleursdelys.ca\/?page_id=1539"]}]},{"@type":"ImageObject","inLanguage":"fr-CA","@id":"https:\/\/boutiquefleursdelys.ca\/?page_id=1539#primaryimage","url":"https:\/\/boutiquefleursdelys.ca\/wp-content\/uploads\/2024\/10\/20240710_130434-scaled-e1730124911445.jpg","contentUrl":"https:\/\/boutiquefleursdelys.ca\/wp-content\/uploads\/2024\/10\/20240710_130434-scaled-e1730124911445.jpg","width":1440,"height":1693,"caption":"Bracelet."},{"@type":"BreadcrumbList","@id":"https:\/\/boutiquefleursdelys.ca\/?page_id=1539#breadcrumb","itemListElement":[{"@type":"ListItem","position":1,"name":"Accueil","item":"https:\/\/boutiquefleursdelys.ca\/"},{"@type":"ListItem","position":2,"name":"Bracelet"}]},{"@type":"WebSite","@id":"https:\/\/boutiquefleursdelys.ca\/#website","url":"https:\/\/boutiquefleursdelys.ca\/","name":"Fleurs de Lys","description":"Votre fleuriste de confiance","potentialAction":[{"@type":"SearchAction","target":{"@type":"EntryPoint","urlTemplate":"https:\/\/boutiquefleursdelys.ca\/?s={search_term_string}"},"query-input":{"@type":"PropertyValueSpecification","valueRequired":true,"valueName":"search_term_string"}}],"inLanguage":"fr-CA"}]}},"_links":{"self":[{"href":"https:\/\/boutiquefleursdelys.ca\/index.php?rest_route=\/wp\/v2\/pages\/1539","targetHints":{"allow":["GET"]}}],"collection":[{"href":"https:\/\/boutiquefleursdelys.ca\/index.php?rest_route=\/wp\/v2\/pages"}],"about":[{"href":"https:\/\/boutiquefleursdelys.ca\/index.php?rest_route=\/wp\/v2\/types\/page"}],"author":[{"embeddable":true,"href":"https:\/\/boutiquefleursdelys.ca\/index.php?rest_route=\/wp\/v2\/users\/990006"}],"replies":[{"embeddable":true,"href":"https:\/\/boutiquefleursdelys.ca\/index.php?rest_route=%2Fwp%2Fv2%2Fcomments&post=1539"}],"version-history":[{"count":1,"href":"https:\/\/boutiquefleursdelys.ca\/index.php?rest_route=\/wp\/v2\/pages\/1539\/revisions"}],"predecessor-version":[{"id":1540,"href":"https:\/\/boutiquefleursdelys.ca\/index.php?rest_route=\/wp\/v2\/pages\/1539\/revisions\/1540"}],"wp:attachment":[{"href":"https:\/\/boutiquefleursdelys.ca\/index.php?rest_route=%2Fwp%2Fv2%2Fmedia&parent=1539"}],"curies":[{"name":"wp","href":"https:\/\/api.w.org\/{rel}","templated":true}]}}