{"id":1554,"date":"2025-11-06T20:46:56","date_gmt":"2025-11-06T20:46:56","guid":{"rendered":"https:\/\/boutiquefleursdelys.ca\/?page_id=1554"},"modified":"2025-11-06T20:46:57","modified_gmt":"2025-11-06T20:46:57","slug":"plante","status":"publish","type":"page","link":"https:\/\/boutiquefleursdelys.ca\/?page_id=1554","title":{"rendered":"Plante"},"content":{"rendered":"\n<div class=\"wp-block-columns is-layout-flex wp-container-core-columns-is-layout-9d6595d7 wp-block-columns-is-layout-flex\">\n<div class=\"wp-block-column is-layout-flow wp-block-column-is-layout-flow\">\n<div class=\"wp-block-media-text is-stacked-on-mobile is-vertically-aligned-top\"><figure class=\"wp-block-media-text__media\"><img loading=\"lazy\" decoding=\"async\" width=\"690\" height=\"1024\" src=\"https:\/\/boutiquefleursdelys.ca\/wp-content\/uploads\/2024\/10\/20240427_091740-scaled-e1730127096157-690x1024.jpg\" alt=\"Plantes.\" class=\"wp-image-1207 size-full\" srcset=\"https:\/\/boutiquefleursdelys.ca\/wp-content\/uploads\/2024\/10\/20240427_091740-scaled-e1730127096157-690x1024.jpg 690w, https:\/\/boutiquefleursdelys.ca\/wp-content\/uploads\/2024\/10\/20240427_091740-scaled-e1730127096157-202x300.jpg 202w, https:\/\/boutiquefleursdelys.ca\/wp-content\/uploads\/2024\/10\/20240427_091740-scaled-e1730127096157-768x1140.jpg 768w, https:\/\/boutiquefleursdelys.ca\/wp-content\/uploads\/2024\/10\/20240427_091740-scaled-e1730127096157-1035x1536.jpg 1035w, https:\/\/boutiquefleursdelys.ca\/wp-content\/uploads\/2024\/10\/20240427_091740-scaled-e1730127096157-1380x2048.jpg 1380w, https:\/\/boutiquefleursdelys.ca\/wp-content\/uploads\/2024\/10\/20240427_091740-scaled-e1730127096157-600x890.jpg 600w, https:\/\/boutiquefleursdelys.ca\/wp-content\/uploads\/2024\/10\/20240427_091740-scaled-e1730127096157.jpg 1440w\" sizes=\"auto, (max-width: 690px) 100vw, 690px\" \/><\/figure><div class=\"wp-block-media-text__content\">\n<h2 class=\"wp-block-heading\" style=\"font-size:35px\">Bouquet 42<\/h2>\n\n\n\n<p class=\"has-small-font-size\">150.00 $<\/p>\n\n\n\n<p>Grand jardin de plante dans un panier compos\u00e9 de plantes vertes et fleuries. choix selon les vari\u00e9t\u00e9s disponibles.<\/p>\n<\/div><\/div>\n<\/div>\n\n\n\n<div class=\"wp-block-column is-layout-flow wp-block-column-is-layout-flow\">\n<div class=\"wp-block-media-text is-stacked-on-mobile is-vertically-aligned-top\"><figure class=\"wp-block-media-text__media\"><img loading=\"lazy\" decoding=\"async\" width=\"576\" height=\"1024\" src=\"https:\/\/boutiquefleursdelys.ca\/wp-content\/uploads\/2024\/10\/20240608_072109-576x1024.jpg\" alt=\"Plantes\" class=\"wp-image-1208 size-full\" srcset=\"https:\/\/boutiquefleursdelys.ca\/wp-content\/uploads\/2024\/10\/20240608_072109-576x1024.jpg 576w, https:\/\/boutiquefleursdelys.ca\/wp-content\/uploads\/2024\/10\/20240608_072109-169x300.jpg 169w, https:\/\/boutiquefleursdelys.ca\/wp-content\/uploads\/2024\/10\/20240608_072109-768x1365.jpg 768w, https:\/\/boutiquefleursdelys.ca\/wp-content\/uploads\/2024\/10\/20240608_072109-864x1536.jpg 864w, https:\/\/boutiquefleursdelys.ca\/wp-content\/uploads\/2024\/10\/20240608_072109-1152x2048.jpg 1152w, https:\/\/boutiquefleursdelys.ca\/wp-content\/uploads\/2024\/10\/20240608_072109-600x1067.jpg 600w, https:\/\/boutiquefleursdelys.ca\/wp-content\/uploads\/2024\/10\/20240608_072109-scaled.jpg 1440w\" sizes=\"auto, (max-width: 576px) 100vw, 576px\" \/><\/figure><div class=\"wp-block-media-text__content\">\n<h2 class=\"wp-block-heading\" style=\"font-size:35px\">Bouquet 41<\/h2>\n\n\n\n<p class=\"has-small-font-size\">115.00 $<\/p>\n\n\n\n<p>Orchid\u00e9e et tillandsia dans un vase imitant une pierre.<\/p>\n<\/div><\/div>\n<\/div>\n<\/div>\n\n\n\n<div class=\"wp-block-columns is-layout-flex wp-container-core-columns-is-layout-9d6595d7 wp-block-columns-is-layout-flex\">\n<div class=\"wp-block-column is-layout-flow wp-block-column-is-layout-flow\">\n<div class=\"wp-block-media-text is-stacked-on-mobile is-vertically-aligned-top\"><figure class=\"wp-block-media-text__media\"><img loading=\"lazy\" decoding=\"async\" width=\"826\" height=\"1024\" src=\"https:\/\/boutiquefleursdelys.ca\/wp-content\/uploads\/2024\/10\/20240817_073039-scaled-e1730126562283-826x1024.jpg\" alt=\"Plantes.\" class=\"wp-image-1209 size-full\" srcset=\"https:\/\/boutiquefleursdelys.ca\/wp-content\/uploads\/2024\/10\/20240817_073039-scaled-e1730126562283-826x1024.jpg 826w, https:\/\/boutiquefleursdelys.ca\/wp-content\/uploads\/2024\/10\/20240817_073039-scaled-e1730126562283-242x300.jpg 242w, https:\/\/boutiquefleursdelys.ca\/wp-content\/uploads\/2024\/10\/20240817_073039-scaled-e1730126562283-768x953.jpg 768w, https:\/\/boutiquefleursdelys.ca\/wp-content\/uploads\/2024\/10\/20240817_073039-scaled-e1730126562283-600x744.jpg 600w, https:\/\/boutiquefleursdelys.ca\/wp-content\/uploads\/2024\/10\/20240817_073039-scaled-e1730126562283.jpg 1152w\" sizes=\"auto, (max-width: 826px) 100vw, 826px\" \/><\/figure><div class=\"wp-block-media-text__content\">\n<h2 class=\"wp-block-heading\" style=\"font-size:35px\">Bouquet 40<\/h2>\n\n\n\n<p class=\"has-small-font-size\">150.00 $<\/p>\n\n\n\n<p>Spathiphyllum (lys de paix) dans un cache-pot, habill\u00e9 de fleurs fra\u00eeches blanches.<\/p>\n<\/div><\/div>\n<\/div>\n\n\n\n<div class=\"wp-block-column is-layout-flow wp-block-column-is-layout-flow\">\n<div class=\"wp-block-media-text is-stacked-on-mobile is-vertically-aligned-top\"><figure class=\"wp-block-media-text__media\"><img loading=\"lazy\" decoding=\"async\" width=\"556\" height=\"1024\" src=\"https:\/\/boutiquefleursdelys.ca\/wp-content\/uploads\/2024\/10\/20240823_095009-scaled-e1730126393543-556x1024.jpg\" alt=\"Plantes.\" class=\"wp-image-1210 size-full\" srcset=\"https:\/\/boutiquefleursdelys.ca\/wp-content\/uploads\/2024\/10\/20240823_095009-scaled-e1730126393543-556x1024.jpg 556w, https:\/\/boutiquefleursdelys.ca\/wp-content\/uploads\/2024\/10\/20240823_095009-scaled-e1730126393543-163x300.jpg 163w, https:\/\/boutiquefleursdelys.ca\/wp-content\/uploads\/2024\/10\/20240823_095009-scaled-e1730126393543-768x1413.jpg 768w, https:\/\/boutiquefleursdelys.ca\/wp-content\/uploads\/2024\/10\/20240823_095009-scaled-e1730126393543-835x1536.jpg 835w, https:\/\/boutiquefleursdelys.ca\/wp-content\/uploads\/2024\/10\/20240823_095009-scaled-e1730126393543-1113x2048.jpg 1113w, https:\/\/boutiquefleursdelys.ca\/wp-content\/uploads\/2024\/10\/20240823_095009-scaled-e1730126393543-600x1104.jpg 600w, https:\/\/boutiquefleursdelys.ca\/wp-content\/uploads\/2024\/10\/20240823_095009-scaled-e1730126393543.jpg 1152w\" sizes=\"auto, (max-width: 556px) 100vw, 556px\" \/><\/figure><div class=\"wp-block-media-text__content\">\n<h2 class=\"wp-block-heading\">Bouquet 35<\/h2>\n\n\n\n<p>125.00 $<\/p>\n\n\n\n<p>Jardin de plantes dans un panier, choix vari\u00e9, selon disponibilit\u00e9.<\/p>\n<\/div><\/div>\n<\/div>\n<\/div>\n\n\n\n<div class=\"wp-block-columns is-layout-flex wp-container-core-columns-is-layout-9d6595d7 wp-block-columns-is-layout-flex\">\n<div class=\"wp-block-column is-layout-flow wp-block-column-is-layout-flow\">\n<div class=\"wp-block-media-text is-stacked-on-mobile is-vertically-aligned-top\"><figure class=\"wp-block-media-text__media\"><img loading=\"lazy\" decoding=\"async\" width=\"983\" height=\"1024\" src=\"https:\/\/boutiquefleursdelys.ca\/wp-content\/uploads\/2024\/10\/20230916_075747-scaled-e1730125767677-983x1024.jpg\" alt=\"Plantes.\" class=\"wp-image-1211 size-full\" srcset=\"https:\/\/boutiquefleursdelys.ca\/wp-content\/uploads\/2024\/10\/20230916_075747-scaled-e1730125767677-983x1024.jpg 983w, https:\/\/boutiquefleursdelys.ca\/wp-content\/uploads\/2024\/10\/20230916_075747-scaled-e1730125767677-288x300.jpg 288w, https:\/\/boutiquefleursdelys.ca\/wp-content\/uploads\/2024\/10\/20230916_075747-scaled-e1730125767677-768x800.jpg 768w, https:\/\/boutiquefleursdelys.ca\/wp-content\/uploads\/2024\/10\/20230916_075747-scaled-e1730125767677-600x625.jpg 600w, https:\/\/boutiquefleursdelys.ca\/wp-content\/uploads\/2024\/10\/20230916_075747-scaled-e1730125767677.jpg 1382w\" sizes=\"auto, (max-width: 983px) 100vw, 983px\" \/><\/figure><div class=\"wp-block-media-text__content\">\n<h2 class=\"wp-block-heading\" style=\"font-size:35px\">Bouquet 34<\/h2>\n\n\n\n<p class=\"has-small-font-size\">100.00 $<\/p>\n\n\n\n<p>Jardin de plantes de 4 pouces, compos\u00e9 de plantes, choix vari\u00e9s,\u00a0 dans caches-pot en c\u00e9ramique d\u00e9pos\u00e9s sur un plateau en c\u00e9ramique.<\/p>\n<\/div><\/div>\n<\/div>\n\n\n\n<div class=\"wp-block-column is-layout-flow wp-block-column-is-layout-flow\">\n<div class=\"wp-block-media-text is-stacked-on-mobile is-vertically-aligned-top\"><figure class=\"wp-block-media-text__media\"><img loading=\"lazy\" decoding=\"async\" width=\"628\" height=\"1024\" src=\"https:\/\/boutiquefleursdelys.ca\/wp-content\/uploads\/2024\/04\/20230401_083526-scaled-e1730139488664-628x1024.jpg\" alt=\"Plante\" class=\"wp-image-1038 size-full\" srcset=\"https:\/\/boutiquefleursdelys.ca\/wp-content\/uploads\/2024\/04\/20230401_083526-scaled-e1730139488664-628x1024.jpg 628w, https:\/\/boutiquefleursdelys.ca\/wp-content\/uploads\/2024\/04\/20230401_083526-scaled-e1730139488664-184x300.jpg 184w, https:\/\/boutiquefleursdelys.ca\/wp-content\/uploads\/2024\/04\/20230401_083526-scaled-e1730139488664-768x1253.jpg 768w, https:\/\/boutiquefleursdelys.ca\/wp-content\/uploads\/2024\/04\/20230401_083526-scaled-e1730139488664-941x1536.jpg 941w, https:\/\/boutiquefleursdelys.ca\/wp-content\/uploads\/2024\/04\/20230401_083526-scaled-e1730139488664-600x979.jpg 600w, https:\/\/boutiquefleursdelys.ca\/wp-content\/uploads\/2024\/04\/20230401_083526-scaled-e1730139488664.jpg 1244w\" sizes=\"auto, (max-width: 628px) 100vw, 628px\" \/><\/figure><div class=\"wp-block-media-text__content\">\n<h2 class=\"wp-block-heading\" style=\"font-size:35px\">Bouquet 31<\/h2>\n\n\n\n<p class=\"has-small-font-size\">80.00 $<\/p>\n\n\n\n<p>Phalaenopsi (orchid\u00e9e)<\/p>\n\n\n\n<p>Plusieurs couleurs disponibles.<\/p>\n<\/div><\/div>\n<\/div>\n<\/div>\n\n\n\n<div class=\"wp-block-columns is-layout-flex wp-container-core-columns-is-layout-9d6595d7 wp-block-columns-is-layout-flex\">\n<div class=\"wp-block-column is-layout-flow wp-block-column-is-layout-flow\">\n<div class=\"wp-block-media-text is-stacked-on-mobile is-vertically-aligned-top\"><figure class=\"wp-block-media-text__media\"><img loading=\"lazy\" decoding=\"async\" width=\"638\" height=\"1024\" src=\"https:\/\/boutiquefleursdelys.ca\/wp-content\/uploads\/2024\/04\/20230211_082759-scaled-e1730739544543-638x1024.jpg\" alt=\"bouquet de fleurs\" class=\"wp-image-1017 size-full\" srcset=\"https:\/\/boutiquefleursdelys.ca\/wp-content\/uploads\/2024\/04\/20230211_082759-scaled-e1730739544543-638x1024.jpg 638w, https:\/\/boutiquefleursdelys.ca\/wp-content\/uploads\/2024\/04\/20230211_082759-scaled-e1730739544543-187x300.jpg 187w, https:\/\/boutiquefleursdelys.ca\/wp-content\/uploads\/2024\/04\/20230211_082759-scaled-e1730739544543-768x1233.jpg 768w, https:\/\/boutiquefleursdelys.ca\/wp-content\/uploads\/2024\/04\/20230211_082759-scaled-e1730739544543-957x1536.jpg 957w, https:\/\/boutiquefleursdelys.ca\/wp-content\/uploads\/2024\/04\/20230211_082759-scaled-e1730739544543-1276x2048.jpg 1276w, https:\/\/boutiquefleursdelys.ca\/wp-content\/uploads\/2024\/04\/20230211_082759-scaled-e1730739544543-600x963.jpg 600w, https:\/\/boutiquefleursdelys.ca\/wp-content\/uploads\/2024\/04\/20230211_082759-scaled-e1730739544543.jpg 1440w\" sizes=\"auto, (max-width: 638px) 100vw, 638px\" \/><\/figure><div class=\"wp-block-media-text__content\">\n<h2 class=\"wp-block-heading\" style=\"font-size:35px\">Bouquet 21<\/h2>\n\n\n\n<p class=\"has-small-font-size\">75.00 $<\/p>\n\n\n\n<p>Phalaenopsis (orchid\u00e9e)<\/p>\n<\/div><\/div>\n<\/div>\n\n\n\n<div class=\"wp-block-column is-layout-flow wp-block-column-is-layout-flow\">\n<div class=\"wp-block-media-text is-stacked-on-mobile is-vertically-aligned-top\"><figure class=\"wp-block-media-text__media\"><img loading=\"lazy\" decoding=\"async\" width=\"674\" height=\"1024\" src=\"https:\/\/boutiquefleursdelys.ca\/wp-content\/uploads\/2024\/04\/20230211_082610-scaled-e1730739957203-674x1024.jpg\" alt=\"bouquet de fleurs\" class=\"wp-image-1015 size-full\" srcset=\"https:\/\/boutiquefleursdelys.ca\/wp-content\/uploads\/2024\/04\/20230211_082610-scaled-e1730739957203-674x1024.jpg 674w, https:\/\/boutiquefleursdelys.ca\/wp-content\/uploads\/2024\/04\/20230211_082610-scaled-e1730739957203-197x300.jpg 197w, https:\/\/boutiquefleursdelys.ca\/wp-content\/uploads\/2024\/04\/20230211_082610-scaled-e1730739957203-768x1167.jpg 768w, https:\/\/boutiquefleursdelys.ca\/wp-content\/uploads\/2024\/04\/20230211_082610-scaled-e1730739957203-1011x1536.jpg 1011w, https:\/\/boutiquefleursdelys.ca\/wp-content\/uploads\/2024\/04\/20230211_082610-scaled-e1730739957203-1348x2048.jpg 1348w, https:\/\/boutiquefleursdelys.ca\/wp-content\/uploads\/2024\/04\/20230211_082610-scaled-e1730739957203-600x912.jpg 600w, https:\/\/boutiquefleursdelys.ca\/wp-content\/uploads\/2024\/04\/20230211_082610-scaled-e1730739957203.jpg 1440w\" sizes=\"auto, (max-width: 674px) 100vw, 674px\" \/><\/figure><div class=\"wp-block-media-text__content\">\n<h2 class=\"wp-block-heading\" style=\"font-size:35px\">Bouquet 20<\/h2>\n\n\n\n<p class=\"has-small-font-size\">60.00 $<\/p>\n\n\n\n<p>Anthurium avec cache pot et habillage..<\/p>\n<\/div><\/div>\n<\/div>\n<\/div>\n\n\n\n<div class=\"wp-block-columns is-layout-flex wp-container-core-columns-is-layout-9d6595d7 wp-block-columns-is-layout-flex\">\n<div class=\"wp-block-column is-layout-flow wp-block-column-is-layout-flow\">\n<div class=\"wp-block-media-text is-stacked-on-mobile is-vertically-aligned-top\"><figure class=\"wp-block-media-text__media\"><img loading=\"lazy\" decoding=\"async\" width=\"711\" height=\"1024\" src=\"https:\/\/boutiquefleursdelys.ca\/wp-content\/uploads\/2024\/04\/20230120_174853-scaled-e1730742827971-711x1024.jpg\" alt=\"fleuriste en ligne\" class=\"wp-image-1007 size-full\" srcset=\"https:\/\/boutiquefleursdelys.ca\/wp-content\/uploads\/2024\/04\/20230120_174853-scaled-e1730742827971-711x1024.jpg 711w, https:\/\/boutiquefleursdelys.ca\/wp-content\/uploads\/2024\/04\/20230120_174853-scaled-e1730742827971-208x300.jpg 208w, https:\/\/boutiquefleursdelys.ca\/wp-content\/uploads\/2024\/04\/20230120_174853-scaled-e1730742827971-768x1106.jpg 768w, https:\/\/boutiquefleursdelys.ca\/wp-content\/uploads\/2024\/04\/20230120_174853-scaled-e1730742827971-1067x1536.jpg 1067w, https:\/\/boutiquefleursdelys.ca\/wp-content\/uploads\/2024\/04\/20230120_174853-scaled-e1730742827971-1423x2048.jpg 1423w, https:\/\/boutiquefleursdelys.ca\/wp-content\/uploads\/2024\/04\/20230120_174853-scaled-e1730742827971-600x864.jpg 600w, https:\/\/boutiquefleursdelys.ca\/wp-content\/uploads\/2024\/04\/20230120_174853-scaled-e1730742827971.jpg 1440w\" sizes=\"auto, (max-width: 711px) 100vw, 711px\" \/><\/figure><div class=\"wp-block-media-text__content\">\n<h2 class=\"wp-block-heading\" style=\"font-size:35px\">Bouquet 16<\/h2>\n\n\n\n<p class=\"has-small-font-size\">60.00 $<\/p>\n\n\n\n<p>Spathiphyllum (lys de paix) 6 pouces dans un\u00a0 cache-pot avec habillage.<\/p>\n<\/div><\/div>\n<\/div>\n\n\n\n<div class=\"wp-block-column is-layout-flow wp-block-column-is-layout-flow\">\n<div class=\"wp-block-media-text is-stacked-on-mobile is-vertically-aligned-top\"><figure class=\"wp-block-media-text__media\"><img loading=\"lazy\" decoding=\"async\" width=\"915\" height=\"1024\" src=\"https:\/\/boutiquefleursdelys.ca\/wp-content\/uploads\/2024\/04\/20230120_092305-scaled-e1730743474397-915x1024.jpg\" alt=\"commande de fleurs\" class=\"wp-image-1003 size-full\" srcset=\"https:\/\/boutiquefleursdelys.ca\/wp-content\/uploads\/2024\/04\/20230120_092305-scaled-e1730743474397-915x1024.jpg 915w, https:\/\/boutiquefleursdelys.ca\/wp-content\/uploads\/2024\/04\/20230120_092305-scaled-e1730743474397-268x300.jpg 268w, https:\/\/boutiquefleursdelys.ca\/wp-content\/uploads\/2024\/04\/20230120_092305-scaled-e1730743474397-768x860.jpg 768w, https:\/\/boutiquefleursdelys.ca\/wp-content\/uploads\/2024\/04\/20230120_092305-scaled-e1730743474397-1372x1536.jpg 1372w, https:\/\/boutiquefleursdelys.ca\/wp-content\/uploads\/2024\/04\/20230120_092305-scaled-e1730743474397-600x672.jpg 600w, https:\/\/boutiquefleursdelys.ca\/wp-content\/uploads\/2024\/04\/20230120_092305-scaled-e1730743474397.jpg 1440w\" sizes=\"auto, (max-width: 915px) 100vw, 915px\" \/><\/figure><div class=\"wp-block-media-text__content\">\n<h2 class=\"wp-block-heading\" style=\"font-size:35px\">Bouquet 14<\/h2>\n\n\n\n<p class=\"has-small-font-size\">85.00 $<\/p>\n\n\n\n<p>Jardin de plantes compos\u00e9 de cactus divers.<\/p>\n<\/div><\/div>\n<\/div>\n<\/div>\n\n\n\n<p><\/p>\n","protected":false},"excerpt":{"rendered":"<p>Bouquet 42 150.00 $ Grand jardin de plante dans un panier compos\u00e9 de plantes vertes et fleuries. choix selon les vari\u00e9t\u00e9s disponibles. Bouquet 41 115.00 $ Orchid\u00e9e et tillandsia dans un vase imitant une pierre. Bouquet 40 150.00 $ Spathiphyllum (lys de paix) dans un cache-pot, habill\u00e9 de fleurs fra\u00eeches blanches. Bouquet 35 125.00 $ [&hellip;]<\/p>\n","protected":false},"author":990006,"featured_media":0,"parent":0,"menu_order":0,"comment_status":"closed","ping_status":"closed","template":"","meta":{"footnotes":""},"class_list":["post-1554","page","type-page","status-publish","hentry"],"yoast_head":"<!-- This site is optimized with the Yoast SEO plugin v26.4 - https:\/\/yoast.com\/wordpress\/plugins\/seo\/ -->\n<title>Plante - Fleurs de Lys<\/title>\n<meta name=\"robots\" content=\"index, follow, max-snippet:-1, max-image-preview:large, max-video-preview:-1\" \/>\n<link rel=\"canonical\" href=\"https:\/\/boutiquefleursdelys.ca\/?page_id=1554\" \/>\n<meta property=\"og:locale\" content=\"fr_CA\" \/>\n<meta property=\"og:type\" content=\"article\" \/>\n<meta property=\"og:title\" content=\"Plante - Fleurs de Lys\" \/>\n<meta property=\"og:description\" content=\"Bouquet 42 150.00 $ Grand jardin de plante dans un panier compos\u00e9 de plantes vertes et fleuries. choix selon les vari\u00e9t\u00e9s disponibles. Bouquet 41 115.00 $ Orchid\u00e9e et tillandsia dans un vase imitant une pierre. Bouquet 40 150.00 $ Spathiphyllum (lys de paix) dans un cache-pot, habill\u00e9 de fleurs fra\u00eeches blanches. Bouquet 35 125.00 $ [&hellip;]\" \/>\n<meta property=\"og:url\" content=\"https:\/\/boutiquefleursdelys.ca\/?page_id=1554\" \/>\n<meta property=\"og:site_name\" content=\"Fleurs de Lys\" \/>\n<meta property=\"article:modified_time\" content=\"2025-11-06T20:46:57+00:00\" \/>\n<meta property=\"og:image\" content=\"https:\/\/boutiquefleursdelys.ca\/wp-content\/uploads\/2024\/10\/20240427_091740-scaled-e1730127096157-690x1024.jpg\" \/>\n<meta name=\"twitter:card\" content=\"summary_large_image\" \/>\n<meta name=\"twitter:label1\" content=\"Estimation du temps de lecture\" \/>\n\t<meta name=\"twitter:data1\" content=\"3 minutes\" \/>\n<script type=\"application\/ld+json\" class=\"yoast-schema-graph\">{\"@context\":\"https:\/\/schema.org\",\"@graph\":[{\"@type\":\"WebPage\",\"@id\":\"https:\/\/boutiquefleursdelys.ca\/?page_id=1554\",\"url\":\"https:\/\/boutiquefleursdelys.ca\/?page_id=1554\",\"name\":\"Plante - Fleurs de Lys\",\"isPartOf\":{\"@id\":\"https:\/\/boutiquefleursdelys.ca\/#website\"},\"primaryImageOfPage\":{\"@id\":\"https:\/\/boutiquefleursdelys.ca\/?page_id=1554#primaryimage\"},\"image\":{\"@id\":\"https:\/\/boutiquefleursdelys.ca\/?page_id=1554#primaryimage\"},\"thumbnailUrl\":\"https:\/\/boutiquefleursdelys.ca\/wp-content\/uploads\/2024\/10\/20240427_091740-scaled-e1730127096157-690x1024.jpg\",\"datePublished\":\"2025-11-06T20:46:56+00:00\",\"dateModified\":\"2025-11-06T20:46:57+00:00\",\"breadcrumb\":{\"@id\":\"https:\/\/boutiquefleursdelys.ca\/?page_id=1554#breadcrumb\"},\"inLanguage\":\"fr-CA\",\"potentialAction\":[{\"@type\":\"ReadAction\",\"target\":[\"https:\/\/boutiquefleursdelys.ca\/?page_id=1554\"]}]},{\"@type\":\"ImageObject\",\"inLanguage\":\"fr-CA\",\"@id\":\"https:\/\/boutiquefleursdelys.ca\/?page_id=1554#primaryimage\",\"url\":\"https:\/\/boutiquefleursdelys.ca\/wp-content\/uploads\/2024\/10\/20240427_091740-scaled-e1730127096157.jpg\",\"contentUrl\":\"https:\/\/boutiquefleursdelys.ca\/wp-content\/uploads\/2024\/10\/20240427_091740-scaled-e1730127096157.jpg\",\"width\":1440,\"height\":2137,\"caption\":\"Jardin de plantes.\"},{\"@type\":\"BreadcrumbList\",\"@id\":\"https:\/\/boutiquefleursdelys.ca\/?page_id=1554#breadcrumb\",\"itemListElement\":[{\"@type\":\"ListItem\",\"position\":1,\"name\":\"Accueil\",\"item\":\"https:\/\/boutiquefleursdelys.ca\/\"},{\"@type\":\"ListItem\",\"position\":2,\"name\":\"Plante\"}]},{\"@type\":\"WebSite\",\"@id\":\"https:\/\/boutiquefleursdelys.ca\/#website\",\"url\":\"https:\/\/boutiquefleursdelys.ca\/\",\"name\":\"Fleurs de Lys\",\"description\":\"Votre fleuriste de confiance\",\"potentialAction\":[{\"@type\":\"SearchAction\",\"target\":{\"@type\":\"EntryPoint\",\"urlTemplate\":\"https:\/\/boutiquefleursdelys.ca\/?s={search_term_string}\"},\"query-input\":{\"@type\":\"PropertyValueSpecification\",\"valueRequired\":true,\"valueName\":\"search_term_string\"}}],\"inLanguage\":\"fr-CA\"}]}<\/script>\n<!-- \/ Yoast SEO plugin. -->","yoast_head_json":{"title":"Plante - Fleurs de Lys","robots":{"index":"index","follow":"follow","max-snippet":"max-snippet:-1","max-image-preview":"max-image-preview:large","max-video-preview":"max-video-preview:-1"},"canonical":"https:\/\/boutiquefleursdelys.ca\/?page_id=1554","og_locale":"fr_CA","og_type":"article","og_title":"Plante - Fleurs de Lys","og_description":"Bouquet 42 150.00 $ Grand jardin de plante dans un panier compos\u00e9 de plantes vertes et fleuries. choix selon les vari\u00e9t\u00e9s disponibles. Bouquet 41 115.00 $ Orchid\u00e9e et tillandsia dans un vase imitant une pierre. Bouquet 40 150.00 $ Spathiphyllum (lys de paix) dans un cache-pot, habill\u00e9 de fleurs fra\u00eeches blanches. Bouquet 35 125.00 $ [&hellip;]","og_url":"https:\/\/boutiquefleursdelys.ca\/?page_id=1554","og_site_name":"Fleurs de Lys","article_modified_time":"2025-11-06T20:46:57+00:00","og_image":[{"url":"https:\/\/boutiquefleursdelys.ca\/wp-content\/uploads\/2024\/10\/20240427_091740-scaled-e1730127096157-690x1024.jpg","type":"","width":"","height":""}],"twitter_card":"summary_large_image","twitter_misc":{"Estimation du temps de lecture":"3 minutes"},"schema":{"@context":"https:\/\/schema.org","@graph":[{"@type":"WebPage","@id":"https:\/\/boutiquefleursdelys.ca\/?page_id=1554","url":"https:\/\/boutiquefleursdelys.ca\/?page_id=1554","name":"Plante - Fleurs de Lys","isPartOf":{"@id":"https:\/\/boutiquefleursdelys.ca\/#website"},"primaryImageOfPage":{"@id":"https:\/\/boutiquefleursdelys.ca\/?page_id=1554#primaryimage"},"image":{"@id":"https:\/\/boutiquefleursdelys.ca\/?page_id=1554#primaryimage"},"thumbnailUrl":"https:\/\/boutiquefleursdelys.ca\/wp-content\/uploads\/2024\/10\/20240427_091740-scaled-e1730127096157-690x1024.jpg","datePublished":"2025-11-06T20:46:56+00:00","dateModified":"2025-11-06T20:46:57+00:00","breadcrumb":{"@id":"https:\/\/boutiquefleursdelys.ca\/?page_id=1554#breadcrumb"},"inLanguage":"fr-CA","potentialAction":[{"@type":"ReadAction","target":["https:\/\/boutiquefleursdelys.ca\/?page_id=1554"]}]},{"@type":"ImageObject","inLanguage":"fr-CA","@id":"https:\/\/boutiquefleursdelys.ca\/?page_id=1554#primaryimage","url":"https:\/\/boutiquefleursdelys.ca\/wp-content\/uploads\/2024\/10\/20240427_091740-scaled-e1730127096157.jpg","contentUrl":"https:\/\/boutiquefleursdelys.ca\/wp-content\/uploads\/2024\/10\/20240427_091740-scaled-e1730127096157.jpg","width":1440,"height":2137,"caption":"Jardin de plantes."},{"@type":"BreadcrumbList","@id":"https:\/\/boutiquefleursdelys.ca\/?page_id=1554#breadcrumb","itemListElement":[{"@type":"ListItem","position":1,"name":"Accueil","item":"https:\/\/boutiquefleursdelys.ca\/"},{"@type":"ListItem","position":2,"name":"Plante"}]},{"@type":"WebSite","@id":"https:\/\/boutiquefleursdelys.ca\/#website","url":"https:\/\/boutiquefleursdelys.ca\/","name":"Fleurs de Lys","description":"Votre fleuriste de confiance","potentialAction":[{"@type":"SearchAction","target":{"@type":"EntryPoint","urlTemplate":"https:\/\/boutiquefleursdelys.ca\/?s={search_term_string}"},"query-input":{"@type":"PropertyValueSpecification","valueRequired":true,"valueName":"search_term_string"}}],"inLanguage":"fr-CA"}]}},"_links":{"self":[{"href":"https:\/\/boutiquefleursdelys.ca\/index.php?rest_route=\/wp\/v2\/pages\/1554","targetHints":{"allow":["GET"]}}],"collection":[{"href":"https:\/\/boutiquefleursdelys.ca\/index.php?rest_route=\/wp\/v2\/pages"}],"about":[{"href":"https:\/\/boutiquefleursdelys.ca\/index.php?rest_route=\/wp\/v2\/types\/page"}],"author":[{"embeddable":true,"href":"https:\/\/boutiquefleursdelys.ca\/index.php?rest_route=\/wp\/v2\/users\/990006"}],"replies":[{"embeddable":true,"href":"https:\/\/boutiquefleursdelys.ca\/index.php?rest_route=%2Fwp%2Fv2%2Fcomments&post=1554"}],"version-history":[{"count":1,"href":"https:\/\/boutiquefleursdelys.ca\/index.php?rest_route=\/wp\/v2\/pages\/1554\/revisions"}],"predecessor-version":[{"id":1555,"href":"https:\/\/boutiquefleursdelys.ca\/index.php?rest_route=\/wp\/v2\/pages\/1554\/revisions\/1555"}],"wp:attachment":[{"href":"https:\/\/boutiquefleursdelys.ca\/index.php?rest_route=%2Fwp%2Fv2%2Fmedia&parent=1554"}],"curies":[{"name":"wp","href":"https:\/\/api.w.org\/{rel}","templated":true}]}}