{"id":289,"date":"2016-07-21T08:34:57","date_gmt":"2016-07-21T08:34:57","guid":{"rendered":"https:\/\/boutiquefleursdelys.ca\/?page_id=289"},"modified":"2025-11-28T15:11:46","modified_gmt":"2025-11-28T15:11:46","slug":"accueil","status":"publish","type":"page","link":"https:\/\/boutiquefleursdelys.ca\/","title":{"rendered":"Accueil"},"content":{"rendered":"<section class=\"wpb-content-wrapper\"><div data-vc-full-width=\"true\" data-vc-full-width-init=\"false\" class=\"vc_row wpb_row vc_row-fluid vc_custom_1469086311364 vc_row-has-fill\"><div class=\"wpb_column vc_column_container vc_col-sm-12\"><div class=\"vc_column-inner\"><div class=\"wpb_wrapper\"><div id=\"sc_call_to_action_1521072848\" class=\"sc_call_to_action sc_call_to_action_style_2 sc_call_to_action_align_center\" style=\"width:100%;\"><div class=\"sc_call_to_action_info\"><h6 class=\"sc_call_to_action_subtitle sc_item_subtitle\">Nous offrons aussi des bijoux, des stylos faits par un artisan de Sainte-Th\u00e8cle, des centres de tables et autres d\u00e9cos de No\u00ebl fait par Lise et sa s\u0153ur ainsi que des arrangements de roses \u00e9ternelles.<\/h6><h2 class=\"sc_call_to_action_title sc_item_title sc_item_title_without_descr\">Notre site met en \u00e9vidence nos cat\u00e9gories de fleurs. Venez en personne pour constater la fraicheur et le professionnalisme<\/h2><\/div><div class=\"sc_call_to_action_buttons sc_item_buttons\"><div class=\"sc_call_to_action_button sc_item_button\"><a href=\"https:\/\/boutiquefleursdelys.ca\/?page_id=172\" class=\"sc_button sc_button_square sc_button_style_filled sc_button_size_small call_to \">R\u00e9server votre bouquet<\/a><\/div><\/div><\/div><\/div><\/div><\/div><\/div><div class=\"vc_row-full-width vc_clearfix\"><\/div><div data-vc-full-width=\"true\" data-vc-full-width-init=\"false\" class=\"vc_row wpb_row vc_row-fluid vc_custom_1711341101078 vc_row-has-fill\"><div class=\"wpb_column vc_column_container vc_col-sm-12\"><div class=\"vc_column-inner\"><div class=\"wpb_wrapper\"><div class=\"columns_wrap sc_columns columns_nofluid sc_columns_count_9\" style=\"margin-top: 12.96em; margin-bottom: 12.2em;\"><div class=\"column-5_9 sc_column_item sc_column_item_1 odd first span_5\" data-animation=\"animated fadeInLeftBig normal\"><figure class=\"sc_image  alignleft sc_image_shape_round\" style=\"max-width: 182px;\"><img decoding=\"async\" src=\"https:\/\/boutiquefleursdelys.ca\/wp-content\/uploads\/2024\/02\/Lise-De-Ladurantaye.jpg\" alt=\"\" \/><\/figure>\n\t<div class=\"wpb_text_column wpb_content_element \" >\n\t\t<div class=\"wpb_wrapper\">\n\t\t\t\n\t\t<\/div>\n\t<\/div>\n<h3 class=\"sc_title sc_title_regular margin_top_tiny\" style=\"margin-bottom: 1.16em ;\">Bonjour! Je suis Lise De Ladurantaye votre fleuriste \u00e0 Sainte-Th\u00e8cle<\/h3>\n\t<div class=\"wpb_text_column wpb_content_element \" >\n\t\t<div class=\"wpb_wrapper\">\n\t\t\t<p>Je me pr\u00e9sente, Lise De Ladurantaye.<\/p>\n<p>J&#8217;ai achet\u00e9 la Boutique Fleurs de mai en octobre 2022. Celle-ci est devenue alors la Boutique Fleurs de Lys. Fleurs de mai faisait partie du paysage de Sainte-Th\u00e8cle depuis plusieurs d\u00e9cennies et la r\u00e9putation de sa propri\u00e9taire, Lise B\u00e9land, n&#8217;\u00e9tait plus \u00e0 faire. Mon but, c\u2019est de continuer son \u0153uvre et de continuer d&#8217;offrir une boutique de fleurs avec un service \u00e0 la client\u00e8le exceptionnel, une grande qualit\u00e9 des fleurs et plantes offertes, de vous aider \u00e0 faire de vos \u00e9v\u00e9nements des moments d&#8217; exceptions. Le tout dans le respect et l&#8217;amour.<\/p>\n<p>J&#8217;ai grandi dans une petite municipalit\u00e9, L&#8217;Islet, situ\u00e9 \u00e0 environ une heure de Qu\u00e9bec, sur la rive sud. Mes parents \u00e9taient des passionn\u00e9s de fleurs. Chez nous, il y en avait partout. De toutes les sortes et de toutes les couleurs. Il y avait des rocailles et des jardins fleuris, des arbres et arbustes partout. C&#8217;\u00e9tait de toute beaut\u00e9. Tr\u00e8s jeune, j&#8217;ai mis la main \u00e0 la terre. Que ce soit pour cultiver de succulents l\u00e9gumes et fruits ou bien pour prendre soin des milliers de fleurs qui ornaient notre terrain. Notre sortie pr\u00e9f\u00e9r\u00e9e, c&#8217;\u00e9tait les p\u00e9pini\u00e8res et centres de jardins. On ressortait toujours de l\u00e0 avec plein de nouvelles trouvailles. Mes parents avaient su me transmettre cette belle passion.<\/p>\n<p>Avec les fleurs, on peut tout dire. Laissez-moi vous aider \u00e0 exprimer votre amour, votre amiti\u00e9, votre gratitude ou votre soutien aux gens autour de vous.<br \/>\nLes fleurs peuvent tout dire, il suffit de les laisser parler.<\/p>\n\n\t\t<\/div>\n\t<\/div>\n<\/div><div class=\"column-4_9 sc_column_item sc_column_item_6 even span_4\"><div class=\"cq-coverslider  navigation-overlay-right tinyshadow grapefruit \" data-imagemaxheight=\"300\" data-buttonbackground=\"\" data-buttonhoverbackground=\"#222F46\" data-contentbackground=\"\" data-contentcolor=\"\" data-arrowcolor=\"\" data-arrowhovercolor=\"\" data-delaytime=\"2\"><div class=\"cq-coverslider-area btn-large square\"><div class=\"cq-coverslider-cover\"><div class=\"cq-coverslider-itemcontainer\"><div class=\"cq-coverslider-imageitem\"><\/div><div class=\"cq-coverslider-imageitem\"><\/div><div class=\"cq-coverslider-imageitem\"><\/div><div class=\"cq-coverslider-imageitem\"><\/div><div class=\"cq-coverslider-imageitem\"><\/div><div class=\"cq-coverslider-imageitem\"><\/div><\/div><\/div><div class=\"cq-coverslider-content\"><div class=\"cq-coverslider-contentitem\"><\/div><div class=\"cq-coverslider-contentitem\"><\/div><div class=\"cq-coverslider-contentitem\"><\/div><div class=\"cq-coverslider-contentitem\"><\/div><div class=\"cq-coverslider-contentitem\"><\/div><div class=\"cq-coverslider-contentitem\"><\/div><\/div><\/div><div class=\"cq-coverslider-navigation btn-large\"><div class=\"coverslider-navigation-prev\"><i class=\"cq-coverslider-icon entypo-icon entypo-icon-left-open-big\"><\/i><\/div><div class=\"coverslider-navigation-next\"><i class=\"cq-coverslider-icon entypo-icon entypo-icon-right-open-big\"><\/i><\/div><\/div><\/div><\/div><\/div><\/div><\/div><\/div><\/div><div class=\"vc_row-full-width vc_clearfix\"><\/div><div class=\"vc_row wpb_row vc_row-fluid\"><div class=\"wpb_column vc_column_container vc_col-sm-12\"><div class=\"vc_column-inner\"><div class=\"wpb_wrapper\"><\/div><\/div><\/div><\/div><div data-vc-full-width=\"true\" data-vc-full-width-init=\"false\" class=\"vc_row wpb_row vc_row-fluid\"><div class=\"wpb_column vc_column_container vc_col-sm-12\"><div class=\"vc_column-inner\"><div class=\"wpb_wrapper\"><div id=\"sc_services_385522780_wrap\" class=\"sc_services_wrap\"><div id=\"sc_services_385522780\" class=\"sc_services sc_services_style_services-2 sc_services_type_icons  pr-0 margin_bottom_small\" style=\"margin-top: 12.8em;width:100%;\" data-animation=\"animated fadeInDown normal\"><div class=\"sc_columns columns_wrap\"><div class=\"column-1_3 column_padding_bottom\">\t\t\t<div id=\"sc_services_385522780_1\"\t\t\t\tclass=\"sc_services_item sc_services_item_1 odd first\"\n\t\t\t\t>\n\t\t\t\t<a href=\"https:\/\/boutiquefleursdelys.ca\/?services=free-delivery\"><span class=\"sc_icon icon-icon1\"><\/span><\/a>\t\t\t\t<div class=\"sc_services_item_content\">\n\t\t\t\t\t<h4 class=\"sc_services_item_title\"><a href=\"https:\/\/boutiquefleursdelys.ca\/?services=free-delivery\">Livraison \u00e0 bas prix<\/a><\/h4>\n\t\t\t\t\t<div class=\"sc_services_item_description\">\n\t\t\t\t\t\t<p>dans un rayon de 15 km<\/p>\t\t\t\t\t<\/div>\n\t\t\t\t<\/div>\n\t\t\t<\/div>\n\t\t<\/div><div class=\"column-1_3 column_padding_bottom\">\t\t\t<div id=\"sc_services_385522780_2\"\t\t\t\tclass=\"sc_services_item sc_services_item_2 even\"\n\t\t\t\t>\n\t\t\t\t<a href=\"https:\/\/boutiquefleursdelys.ca\/?services=hand-tied\"><span class=\"sc_icon icon-icon2\"><\/span><\/a>\t\t\t\t<div class=\"sc_services_item_content\">\n\t\t\t\t\t<h4 class=\"sc_services_item_title\"><a href=\"https:\/\/boutiquefleursdelys.ca\/?services=hand-tied\">Faits \u00e0 la main<\/a><\/h4>\n\t\t\t\t\t<div class=\"sc_services_item_description\">\n\t\t\t\t\t\t<p>bouquets assembl\u00e9s un par un \u00e0 la main<\/p>\t\t\t\t\t<\/div>\n\t\t\t\t<\/div>\n\t\t\t<\/div>\n\t\t<\/div><div class=\"column-1_3 column_padding_bottom\">\t\t\t<div id=\"sc_services_385522780_3\"\t\t\t\tclass=\"sc_services_item sc_services_item_3 odd\"\n\t\t\t\t>\n\t\t\t\t<a href=\"https:\/\/boutiquefleursdelys.ca\/?services=exclusive-design\"><span class=\"sc_icon icon-icon3\"><\/span><\/a>\t\t\t\t<div class=\"sc_services_item_content\">\n\t\t\t\t\t<h4 class=\"sc_services_item_title\"><a href=\"https:\/\/boutiquefleursdelys.ca\/?services=exclusive-design\">Choix de fleurs original<\/a><\/h4>\n\t\t\t\t\t<div class=\"sc_services_item_description\">\n\t\t\t\t\t\t<p>laissez-nous vous impressionner avec les s\u00e9lections que nous offrons<\/p>\t\t\t\t\t<\/div>\n\t\t\t\t<\/div>\n\t\t\t<\/div>\n\t\t<\/div><\/div><\/div><!-- \/.sc_services --><\/div><!-- \/.sc_services_wrap --><\/div><\/div><\/div><\/div><div class=\"vc_row-full-width vc_clearfix\"><\/div><div class=\"vc_row wpb_row vc_row-fluid\"><div class=\"wpb_column vc_column_container vc_col-sm-12\"><div class=\"vc_column-inner\"><div class=\"wpb_wrapper\"><div id=\"sc_testimonials_1272833900\" class=\"sc_testimonials sc_testimonials_style_testimonials-1  margin_bottom_medium\" style=\"margin-top: 8.32em;width:100%;\"><div class=\"sc_slider_swiper swiper-slider-container sc_slider_nopagination sc_slider_controls sc_slider_controls_side\" data-interval=\"9504\" data-slides-min-width=\"250\"><div class=\"slides swiper-wrapper\"><div class=\"swiper-slide\" data-style=\"width:100%;\" style=\"width:100%;\">\t\t\t<div id=\"sc_testimonials_1272833900_1\" class=\"sc_testimonial_item\">\n\t\t\t\t\t\t\t\t<div class=\"sc_testimonial_content\"><p>Excellent service depuis la nouvelle administration. Service impeccable, merci pour votre gentillesse.<\/p>\n<\/div>\n\t\t\t\t\t\t\t\t<div class=\"sc_testimonial_author\"><span class=\"sc_testimonial_author_name\">D\u00e9confiture en canne<\/span><\/div>\n\t\t\t\t\t\t\t<\/div>\n\t\t<\/div><div class=\"swiper-slide\" data-style=\"width:100%;\" style=\"width:100%;\">\t\t\t<div id=\"sc_testimonials_1272833900_2\" class=\"sc_testimonial_item\">\n\t\t\t\t\t\t\t\t<div class=\"sc_testimonial_content\"><p>\u00c0 l'\u00e9coute de ma demande et un arrangement plus qu'\u00e0 la hauteur de mes attentes.<\/p>\n<\/div>\n\t\t\t\t\t\t\t\t<div class=\"sc_testimonial_author\"><span class=\"sc_testimonial_author_name\">Lucile Gingras<\/span><\/div>\n\t\t\t\t\t\t\t<\/div>\n\t\t<\/div><div class=\"swiper-slide\" data-style=\"width:100%;\" style=\"width:100%;\">\t\t\t<div id=\"sc_testimonials_1272833900_3\" class=\"sc_testimonial_item\">\n\t\t\t\t\t\t\t\t<div class=\"sc_testimonial_content\"><p>Tr\u00e8s sympathique et excellent service! Merci beaucoup!<\/p>\n<\/div>\n\t\t\t\t\t\t\t\t<div class=\"sc_testimonial_author\"><span class=\"sc_testimonial_author_name\">Nathalie Bordeleau<\/span><span class=\"sc_testimonial_author_position\">CA<\/span><\/div>\n\t\t\t\t\t\t\t<\/div>\n\t\t<\/div><\/div><div class=\"sc_slider_controls_wrap\"><a class=\"sc_slider_prev\" href=\"#\"><\/a><a class=\"sc_slider_next\" href=\"#\"><\/a><\/div><div class=\"sc_slider_pagination_wrap\"><\/div><\/div><\/div><\/div><\/div><\/div><\/div><div class=\"vc_row wpb_row vc_row-fluid\"><div class=\"wpb_column vc_column_container vc_col-sm-12\"><div class=\"vc_column-inner\"><div class=\"wpb_wrapper\"><div id=\"sc_blogger_1852940706\" class=\"sc_blogger layout_classic_3 template_masonry margin_bottom_huge  sc_blogger_horizontal no_description\"><h3 class=\"sc_blogger_title sc_item_title sc_item_title_without_descr\">Quelques articles de blog<\/h3><h6 class=\"sc_blogger_subtitle sc_item_subtitle\">pour tout savoir sur le milieu des fleurs<\/h6><div class=\"isotope_wrap\" data-columns=\"3\">\t\t<div class=\"isotope_item isotope_item_classic isotope_item_classic_3 isotope_column_3\t\t\t\t\t\">\n\t\t\t<div class=\"post_item post_item_classic post_item_classic_3\t\t\t\t  post_format_standard odd\">\n\t\t\t\t\n\t\t\t\t\t\t\t\t\t<div class=\"post_featured\">\n\t\t\t\t\t\t\t<div class=\"post_thumb\" data-image=\"https:\/\/boutiquefleursdelys.ca\/wp-content\/uploads\/2024\/10\/20231021_094208-scaled-e1730137815820.jpg\" data-title=\"Les roses, leurs significations\">\n\t<a class=\"hover_icon hover_icon_link\" href=\"https:\/\/boutiquefleursdelys.ca\/?p=244\"><img loading=\"lazy\" decoding=\"async\" class=\"wp-post-image\" width=\"370\" height=\"240\" alt=\"Les roses, leurs significations\" src=\"https:\/\/boutiquefleursdelys.ca\/wp-content\/uploads\/2024\/10\/20231021_094208-scaled-e1730137815820-370x240.jpg\"><\/a>\t<\/div>\n\t\t\t\t\t\t<\/div>\n\t\t\t\t\n\t\t\t\t<div class=\"post_content isotope_item_content\">\n\t\t\t\t\t\n\t\t\t\t\t<div class=\"post_info\">\n\t\t\t<span class=\"post_info_item post_info_posted\"> <a href=\"https:\/\/boutiquefleursdelys.ca\/?p=244\" class=\"post_info_date\">Juillet 20, 2016<\/a><\/span>\n\t\t<\/div>\t\t\t\t\t\t\t<h5 class=\"post_title\"><a href=\"https:\/\/boutiquefleursdelys.ca\/?p=244\">Les roses, leurs significations<\/a><\/h5>\n\t\t\t\t\t\t\t\n\t\t\t\t\t<div class=\"post_descr\">\n\t\t\t\t\t\t<p><\/p>\t\t\t\t\t<\/div>\n\n\t\t\t\t<\/div>\t\t\t\t<!-- \/.post_content -->\n\t\t\t<\/div>\t<!-- \/.post_item -->\n\t\t<\/div>\t\t\t\t\t\t<!-- \/.isotope_item -->\n\t\t\t\t<div class=\"isotope_item isotope_item_classic isotope_item_classic_3 isotope_column_3\t\t\t\t\t\">\n\t\t\t<div class=\"post_item post_item_classic post_item_classic_3\t\t\t\t  post_format_standard even\">\n\t\t\t\t\n\t\t\t\t\t\t\t\t\t<div class=\"post_featured\">\n\t\t\t\t\t\t\t<div class=\"post_thumb\" data-image=\"https:\/\/boutiquefleursdelys.ca\/wp-content\/uploads\/2024\/04\/20230422_084906-scaled-e1730733774219.jpg\" data-title=\"Comment conserver ses fleurs coup\u00e9es belles\u00a0 longtemps?\">\n\t<a class=\"hover_icon hover_icon_link\" href=\"https:\/\/boutiquefleursdelys.ca\/?p=242\"><img loading=\"lazy\" decoding=\"async\" class=\"wp-post-image\" width=\"370\" height=\"240\" alt=\"Comment conserver ses fleurs coup\u00e9es belles\u00a0 longtemps?\" src=\"https:\/\/boutiquefleursdelys.ca\/wp-content\/uploads\/2024\/04\/20230422_084906-scaled-e1730733774219-370x240.jpg\"><\/a>\t<\/div>\n\t\t\t\t\t\t<\/div>\n\t\t\t\t\n\t\t\t\t<div class=\"post_content isotope_item_content\">\n\t\t\t\t\t\n\t\t\t\t\t<div class=\"post_info\">\n\t\t\t<span class=\"post_info_item post_info_posted\"> <a href=\"https:\/\/boutiquefleursdelys.ca\/?p=242\" class=\"post_info_date\">Juillet 20, 2016<\/a><\/span>\n\t\t<\/div>\t\t\t\t\t\t\t<h5 class=\"post_title\"><a href=\"https:\/\/boutiquefleursdelys.ca\/?p=242\">Comment conserver ses fleurs coup\u00e9es belles\u00a0 longtemps?<\/a><\/h5>\n\t\t\t\t\t\t\t\n\t\t\t\t\t<div class=\"post_descr\">\n\t\t\t\t\t\t<p><\/p>\t\t\t\t\t<\/div>\n\n\t\t\t\t<\/div>\t\t\t\t<!-- \/.post_content -->\n\t\t\t<\/div>\t<!-- \/.post_item -->\n\t\t<\/div>\t\t\t\t\t\t<!-- \/.isotope_item -->\n\t\t<\/div><div class=\"sc_blogger_button sc_item_button\"><a href=\"\/blog-classic\/\" class=\"sc_button sc_button_square sc_button_style_filled sc_button_size_medium\">Voir plus d&#039;articles<\/a><\/div><\/div><\/div><\/div><\/div><\/div><div data-vc-full-width=\"true\" data-vc-full-width-init=\"false\" class=\"vc_row wpb_row vc_row-fluid vc_custom_1469006500437 vc_row-has-fill\"><div class=\"wpb_column vc_column_container vc_col-sm-12\"><div class=\"vc_column-inner\"><div class=\"wpb_wrapper\"><div class=\"columns_wrap sc_columns columns_nofluid sc_columns_count_2 margin_top_medium margin_bottom_medium\" data-equal-height=\".sc_column_item\"><div class=\"column-1_2 sc_column_item sc_column_item_1 odd first\" data-animation=\"animated fadeInLeftBig normal\"><h3 class=\"sc_title sc_title_regular margin_bottom_null\" style=\"margin-top: 0.4em;font-size:2em;\">Inscrivez-vous ici pour la newsletter<\/h3><\/div><div class=\"column-1_2 sc_column_item sc_column_item_2 even\" data-animation=\"animated fadeInRightBig normal\">\n\t<div class=\"wpb_text_column wpb_content_element \" >\n\t\t<div class=\"wpb_wrapper\">\n\t\t\t\n\n\t\t<\/div>\n\t<\/div>\n<\/div><\/div><\/div><\/div><\/div><\/div><div class=\"vc_row-full-width vc_clearfix\"><\/div><div data-vc-full-width=\"true\" data-vc-full-width-init=\"false\" class=\"vc_row wpb_row vc_row-fluid vc_custom_1733743369974 vc_row-has-fill\"><div class=\"wpb_column vc_column_container vc_col-sm-3\"><div class=\"vc_column-inner\"><div class=\"wpb_wrapper\"><\/div><\/div><\/div><div class=\"wpb_column vc_column_container vc_col-sm-6\"><div class=\"vc_column-inner\"><div class=\"wpb_wrapper\"><div class=\"vc_empty_space  margin_top_huge\"   style=\"height: 0px\"><span class=\"vc_empty_space_inner\"><\/span><\/div><h3 class=\"sc_title sc_title_regular sc_align_center margin_bottom_null\" style=\"text-align:center;\">Vous avez une question?<\/h3>\n<div class=\"wpcf7 no-js\" id=\"wpcf7-f575-o1\" lang=\"en-US\" dir=\"ltr\" data-wpcf7-id=\"575\">\n<div class=\"screen-reader-response\"><p role=\"status\" aria-live=\"polite\" aria-atomic=\"true\"><\/p> <ul><\/ul><\/div>\n<form action=\"\/index.php?rest_route=%2Fwp%2Fv2%2Fpages%2F289#wpcf7-f575-o1\" method=\"post\" class=\"wpcf7-form init\" aria-label=\"Contact form\" novalidate=\"novalidate\" data-status=\"init\">\n<fieldset class=\"hidden-fields-container\"><input type=\"hidden\" name=\"_wpcf7\" value=\"575\" \/><input type=\"hidden\" name=\"_wpcf7_version\" value=\"6.1.3\" \/><input type=\"hidden\" name=\"_wpcf7_locale\" value=\"en_US\" \/><input type=\"hidden\" name=\"_wpcf7_unit_tag\" value=\"wpcf7-f575-o1\" \/><input type=\"hidden\" name=\"_wpcf7_container_post\" value=\"0\" \/><input type=\"hidden\" name=\"_wpcf7_posted_data_hash\" value=\"\" \/>\n<\/fieldset>\n<div class=\"flex\">\n<div class='itm row' ><span class=\"wpcf7-form-control-wrap\" data-name=\"your-name\"><input size=\"40\" maxlength=\"400\" class=\"wpcf7-form-control wpcf7-text wpcf7-validates-as-required\" aria-required=\"true\" aria-invalid=\"false\" placeholder=\"Nom*\" value=\"\" type=\"text\" name=\"your-name\" \/><\/span><\/div> \n<div class='itm row'><span class=\"wpcf7-form-control-wrap\" data-name=\"your-email\"><input size=\"40\" maxlength=\"400\" class=\"wpcf7-form-control wpcf7-email wpcf7-validates-as-required wpcf7-text wpcf7-validates-as-email\" aria-required=\"true\" aria-invalid=\"false\" placeholder=\"E-mail*\" value=\"\" type=\"email\" name=\"your-email\" \/><\/span><\/div><\/div>\n<div class=''><span class=\"wpcf7-form-control-wrap\" data-name=\"your-message\"><textarea cols=\"40\" rows=\"10\" maxlength=\"2000\" class=\"wpcf7-form-control wpcf7-textarea wpcf7-validates-as-required\" aria-required=\"true\" aria-invalid=\"false\" placeholder=\"Message*\" name=\"your-message\"><\/textarea><\/span><\/div>\n<div class=''><span class=\"wpcf7-form-control-wrap\" data-name=\"acceptance-157\"><span class=\"wpcf7-form-control wpcf7-acceptance\"><span class=\"wpcf7-list-item\"><label><input type=\"checkbox\" name=\"acceptance-157\" value=\"1\" aria-invalid=\"false\" \/><span class=\"wpcf7-list-item-label\">J accepte que mes donnees fournies soient utilis\u00e9es par l'entreprise<\/span><\/label><\/span><\/span><\/span><\/div>\n<div class=\"sc_form_field sc_form_field_button sc_form_field_submit\"><input class=\"wpcf7-form-control wpcf7-submit has-spinner\" type=\"submit\" value=\"Envoyer le Message\" \/><\/div><div class=\"wpcf7-response-output\" aria-hidden=\"true\"><\/div>\n<\/form>\n<\/div>\n<div class=\"vc_empty_space\"   style=\"height: 14em\"><span class=\"vc_empty_space_inner\"><\/span><\/div><\/div><\/div><\/div><div class=\"wpb_column vc_column_container vc_col-sm-3\"><div class=\"vc_column-inner\"><div class=\"wpb_wrapper\"><\/div><\/div><\/div><\/div><div class=\"vc_row-full-width vc_clearfix\"><\/div>\n<\/section>","protected":false},"excerpt":{"rendered":"Premi\u00e8rement, choisir un vase bien propre. Lavez le vase avec quelques gouttes d'eau de Javel pour bien le d\u00e9sinfecter. Bien rincer. Remplir le vase au deux tier, c'est suffisant avec de l'eau temp\u00e9rature pi\u00e8ce. Coupez les fleurs en biseau 2 ou 3 cm. Enlevez toutes les feuilles \u00e0 la base du bouquet, pour \u00e9viter qu'il [...]","protected":false},"author":990003,"featured_media":0,"parent":0,"menu_order":0,"comment_status":"closed","ping_status":"closed","template":"","meta":{"footnotes":""},"class_list":["post-289","page","type-page","status-publish","hentry"],"yoast_head":"<!-- This site is optimized with the Yoast SEO plugin v26.4 - https:\/\/yoast.com\/wordpress\/plugins\/seo\/ -->\n<title>Accueil - Fleurs de Lys<\/title>\n<meta name=\"robots\" content=\"index, follow, max-snippet:-1, max-image-preview:large, max-video-preview:-1\" \/>\n<link rel=\"canonical\" href=\"https:\/\/boutiquefleursdelys.ca\/\" \/>\n<meta property=\"og:locale\" content=\"fr_CA\" \/>\n<meta property=\"og:type\" content=\"article\" \/>\n<meta property=\"og:title\" content=\"Accueil - Fleurs de Lys\" \/>\n<meta property=\"og:url\" content=\"https:\/\/boutiquefleursdelys.ca\/\" \/>\n<meta property=\"og:site_name\" content=\"Fleurs de Lys\" \/>\n<meta property=\"article:modified_time\" content=\"2025-11-28T15:11:46+00:00\" \/>\n<meta name=\"twitter:card\" content=\"summary_large_image\" \/>\n<meta name=\"twitter:label1\" content=\"Estimation du temps de lecture\" \/>\n\t<meta name=\"twitter:data1\" content=\"3 minutes\" \/>\n<script type=\"application\/ld+json\" class=\"yoast-schema-graph\">{\"@context\":\"https:\/\/schema.org\",\"@graph\":[{\"@type\":\"WebPage\",\"@id\":\"https:\/\/boutiquefleursdelys.ca\/\",\"url\":\"https:\/\/boutiquefleursdelys.ca\/\",\"name\":\"Accueil - Fleurs de Lys\",\"isPartOf\":{\"@id\":\"https:\/\/boutiquefleursdelys.ca\/#website\"},\"datePublished\":\"2016-07-21T08:34:57+00:00\",\"dateModified\":\"2025-11-28T15:11:46+00:00\",\"breadcrumb\":{\"@id\":\"https:\/\/boutiquefleursdelys.ca\/#breadcrumb\"},\"inLanguage\":\"fr-CA\",\"potentialAction\":[{\"@type\":\"ReadAction\",\"target\":[\"https:\/\/boutiquefleursdelys.ca\/\"]}]},{\"@type\":\"BreadcrumbList\",\"@id\":\"https:\/\/boutiquefleursdelys.ca\/#breadcrumb\",\"itemListElement\":[{\"@type\":\"ListItem\",\"position\":1,\"name\":\"Accueil\",\"item\":\"https:\/\/boutiquefleursdelys.ca\/\"},{\"@type\":\"ListItem\",\"position\":2,\"name\":\"Accueil\"}]},{\"@type\":\"WebSite\",\"@id\":\"https:\/\/boutiquefleursdelys.ca\/#website\",\"url\":\"https:\/\/boutiquefleursdelys.ca\/\",\"name\":\"Fleurs de Lys\",\"description\":\"Votre fleuriste de confiance\",\"potentialAction\":[{\"@type\":\"SearchAction\",\"target\":{\"@type\":\"EntryPoint\",\"urlTemplate\":\"https:\/\/boutiquefleursdelys.ca\/?s={search_term_string}\"},\"query-input\":{\"@type\":\"PropertyValueSpecification\",\"valueRequired\":true,\"valueName\":\"search_term_string\"}}],\"inLanguage\":\"fr-CA\"}]}<\/script>\n<!-- \/ Yoast SEO plugin. -->","yoast_head_json":{"title":"Accueil - Fleurs de Lys","robots":{"index":"index","follow":"follow","max-snippet":"max-snippet:-1","max-image-preview":"max-image-preview:large","max-video-preview":"max-video-preview:-1"},"canonical":"https:\/\/boutiquefleursdelys.ca\/","og_locale":"fr_CA","og_type":"article","og_title":"Accueil - Fleurs de Lys","og_url":"https:\/\/boutiquefleursdelys.ca\/","og_site_name":"Fleurs de Lys","article_modified_time":"2025-11-28T15:11:46+00:00","twitter_card":"summary_large_image","twitter_misc":{"Estimation du temps de lecture":"3 minutes"},"schema":{"@context":"https:\/\/schema.org","@graph":[{"@type":"WebPage","@id":"https:\/\/boutiquefleursdelys.ca\/","url":"https:\/\/boutiquefleursdelys.ca\/","name":"Accueil - Fleurs de Lys","isPartOf":{"@id":"https:\/\/boutiquefleursdelys.ca\/#website"},"datePublished":"2016-07-21T08:34:57+00:00","dateModified":"2025-11-28T15:11:46+00:00","breadcrumb":{"@id":"https:\/\/boutiquefleursdelys.ca\/#breadcrumb"},"inLanguage":"fr-CA","potentialAction":[{"@type":"ReadAction","target":["https:\/\/boutiquefleursdelys.ca\/"]}]},{"@type":"BreadcrumbList","@id":"https:\/\/boutiquefleursdelys.ca\/#breadcrumb","itemListElement":[{"@type":"ListItem","position":1,"name":"Accueil","item":"https:\/\/boutiquefleursdelys.ca\/"},{"@type":"ListItem","position":2,"name":"Accueil"}]},{"@type":"WebSite","@id":"https:\/\/boutiquefleursdelys.ca\/#website","url":"https:\/\/boutiquefleursdelys.ca\/","name":"Fleurs de Lys","description":"Votre fleuriste de confiance","potentialAction":[{"@type":"SearchAction","target":{"@type":"EntryPoint","urlTemplate":"https:\/\/boutiquefleursdelys.ca\/?s={search_term_string}"},"query-input":{"@type":"PropertyValueSpecification","valueRequired":true,"valueName":"search_term_string"}}],"inLanguage":"fr-CA"}]}},"_links":{"self":[{"href":"https:\/\/boutiquefleursdelys.ca\/index.php?rest_route=\/wp\/v2\/pages\/289","targetHints":{"allow":["GET"]}}],"collection":[{"href":"https:\/\/boutiquefleursdelys.ca\/index.php?rest_route=\/wp\/v2\/pages"}],"about":[{"href":"https:\/\/boutiquefleursdelys.ca\/index.php?rest_route=\/wp\/v2\/types\/page"}],"author":[{"embeddable":true,"href":"https:\/\/boutiquefleursdelys.ca\/index.php?rest_route=\/wp\/v2\/users\/990003"}],"replies":[{"embeddable":true,"href":"https:\/\/boutiquefleursdelys.ca\/index.php?rest_route=%2Fwp%2Fv2%2Fcomments&post=289"}],"version-history":[{"count":63,"href":"https:\/\/boutiquefleursdelys.ca\/index.php?rest_route=\/wp\/v2\/pages\/289\/revisions"}],"predecessor-version":[{"id":1578,"href":"https:\/\/boutiquefleursdelys.ca\/index.php?rest_route=\/wp\/v2\/pages\/289\/revisions\/1578"}],"wp:attachment":[{"href":"https:\/\/boutiquefleursdelys.ca\/index.php?rest_route=%2Fwp%2Fv2%2Fmedia&parent=289"}],"curies":[{"name":"wp","href":"https:\/\/api.w.org\/{rel}","templated":true}]}}